{"id":1475,"date":"2021-01-26T17:27:03","date_gmt":"2021-01-26T17:27:03","guid":{"rendered":"https:\/\/www.impulsoenergia.eu\/que-hacemos\/energia-solar\/"},"modified":"2024-02-26T10:36:49","modified_gmt":"2024-02-26T10:36:49","slug":"energia-solar","status":"publish","type":"page","link":"https:\/\/www.impulsoenergia.eu\/pt-pt\/o-que-fazemos\/energia-solar\/","title":{"rendered":"Energia Solar"},"content":{"rendered":"","protected":false},"excerpt":{"rendered":"","protected":false},"author":1,"featured_media":0,"parent":1394,"menu_order":0,"comment_status":"closed","ping_status":"closed","template":"page-quehacemos.php","meta":{"_acf_changed":false,"footnotes":""},"class_list":["post-1475","page","type-page","status-publish","hentry"],"acf":[],"yoast_head":"<!-- This site is optimized with the Yoast SEO plugin v25.6 - https:\/\/yoast.com\/wordpress\/plugins\/seo\/ -->\n<title>Energia Solar - Impulso Energ\u00eda<\/title>\n<meta name=\"description\" content=\"Energ\u00eda Solar \u25b6 Instalaciones solares fotovoltaicas llaves en mano. Soluciones personalizadas para el sector industrial y residencial\" \/>\n<meta name=\"robots\" content=\"index, follow, max-snippet:-1, max-image-preview:large, max-video-preview:-1\" \/>\n<link rel=\"canonical\" href=\"https:\/\/www.impulsoenergia.eu\/pt-pt\/o-que-fazemos\/energia-solar\/\" \/>\n<meta property=\"og:locale\" content=\"pt_PT\" \/>\n<meta property=\"og:type\" content=\"article\" \/>\n<meta property=\"og:title\" content=\"Energia Solar - Impulso Energ\u00eda\" \/>\n<meta property=\"og:description\" content=\"Energ\u00eda Solar \u25b6 Instalaciones solares fotovoltaicas llaves en mano. Soluciones personalizadas para el sector industrial y residencial\" \/>\n<meta property=\"og:url\" content=\"https:\/\/www.impulsoenergia.eu\/pt-pt\/o-que-fazemos\/energia-solar\/\" \/>\n<meta property=\"og:site_name\" content=\"Impulso Energ\u00eda\" \/>\n<meta property=\"article:modified_time\" content=\"2024-02-26T10:36:49+00:00\" \/>\n<meta name=\"twitter:card\" content=\"summary_large_image\" \/>\n<meta name=\"twitter:image\" content=\"https:\/\/www.impulsoenergia.eu\/custom\/uploads\/2021\/02\/hacemos-solar-portada.jpg\" \/>\n<script type=\"application\/ld+json\" class=\"yoast-schema-graph\">{\"@context\":\"https:\/\/schema.org\",\"@graph\":[{\"@type\":\"WebPage\",\"@id\":\"https:\/\/www.impulsoenergia.eu\/pt-pt\/o-que-fazemos\/energia-solar\/\",\"url\":\"https:\/\/www.impulsoenergia.eu\/pt-pt\/o-que-fazemos\/energia-solar\/\",\"name\":\"Energia Solar - Impulso Energ\u00eda\",\"isPartOf\":{\"@id\":\"https:\/\/www.impulsoenergia.eu\/#website\"},\"datePublished\":\"2021-01-26T17:27:03+00:00\",\"dateModified\":\"2024-02-26T10:36:49+00:00\",\"description\":\"Energ\u00eda Solar \u25b6 Instalaciones solares fotovoltaicas llaves en mano. Soluciones personalizadas para el sector industrial y residencial\",\"breadcrumb\":{\"@id\":\"https:\/\/www.impulsoenergia.eu\/pt-pt\/o-que-fazemos\/energia-solar\/#breadcrumb\"},\"inLanguage\":\"pt-PT\",\"potentialAction\":[{\"@type\":\"ReadAction\",\"target\":[\"https:\/\/www.impulsoenergia.eu\/pt-pt\/o-que-fazemos\/energia-solar\/\"]}]},{\"@type\":\"BreadcrumbList\",\"@id\":\"https:\/\/www.impulsoenergia.eu\/pt-pt\/o-que-fazemos\/energia-solar\/#breadcrumb\",\"itemListElement\":[{\"@type\":\"ListItem\",\"position\":1,\"name\":\"Portada\",\"item\":\"https:\/\/www.impulsoenergia.eu\/pt-pt\/\"},{\"@type\":\"ListItem\",\"position\":2,\"name\":\"O que fazemos\",\"item\":\"https:\/\/www.impulsoenergia.eu\/pt-pt\/o-que-fazemos\/\"},{\"@type\":\"ListItem\",\"position\":3,\"name\":\"Energia Solar\"}]},{\"@type\":\"WebSite\",\"@id\":\"https:\/\/www.impulsoenergia.eu\/#website\",\"url\":\"https:\/\/www.impulsoenergia.eu\/\",\"name\":\"Impulso Energ\u00eda\",\"description\":\"Desarrollo e inversi\u00f3n en los sectores de la energ\u00eda y el agua\",\"publisher\":{\"@id\":\"https:\/\/www.impulsoenergia.eu\/#organization\"},\"potentialAction\":[{\"@type\":\"SearchAction\",\"target\":{\"@type\":\"EntryPoint\",\"urlTemplate\":\"https:\/\/www.impulsoenergia.eu\/?s={search_term_string}\"},\"query-input\":{\"@type\":\"PropertyValueSpecification\",\"valueRequired\":true,\"valueName\":\"search_term_string\"}}],\"inLanguage\":\"pt-PT\"},{\"@type\":\"Organization\",\"@id\":\"https:\/\/www.impulsoenergia.eu\/#organization\",\"name\":\"Impulso Energ\u00eda\",\"url\":\"https:\/\/www.impulsoenergia.eu\/\",\"logo\":{\"@type\":\"ImageObject\",\"inLanguage\":\"pt-PT\",\"@id\":\"https:\/\/www.impulsoenergia.eu\/#\/schema\/logo\/image\/\",\"url\":\"https:\/\/www.impulsoenergia.eu\/custom\/uploads\/2022\/09\/logo-impulso.jpg\",\"contentUrl\":\"https:\/\/www.impulsoenergia.eu\/custom\/uploads\/2022\/09\/logo-impulso.jpg\",\"width\":232,\"height\":75,\"caption\":\"Impulso Energ\u00eda\"},\"image\":{\"@id\":\"https:\/\/www.impulsoenergia.eu\/#\/schema\/logo\/image\/\"}}]}<\/script>\n<!-- \/ Yoast SEO plugin. -->","yoast_head_json":{"title":"Energia Solar - Impulso Energ\u00eda","description":"Energ\u00eda Solar \u25b6 Instalaciones solares fotovoltaicas llaves en mano. Soluciones personalizadas para el sector industrial y residencial","robots":{"index":"index","follow":"follow","max-snippet":"max-snippet:-1","max-image-preview":"max-image-preview:large","max-video-preview":"max-video-preview:-1"},"canonical":"https:\/\/www.impulsoenergia.eu\/pt-pt\/o-que-fazemos\/energia-solar\/","og_locale":"pt_PT","og_type":"article","og_title":"Energia Solar - Impulso Energ\u00eda","og_description":"Energ\u00eda Solar \u25b6 Instalaciones solares fotovoltaicas llaves en mano. Soluciones personalizadas para el sector industrial y residencial","og_url":"https:\/\/www.impulsoenergia.eu\/pt-pt\/o-que-fazemos\/energia-solar\/","og_site_name":"Impulso Energ\u00eda","article_modified_time":"2024-02-26T10:36:49+00:00","twitter_card":"summary_large_image","twitter_image":"https:\/\/www.impulsoenergia.eu\/custom\/uploads\/2021\/02\/hacemos-solar-portada.jpg","schema":{"@context":"https:\/\/schema.org","@graph":[{"@type":"WebPage","@id":"https:\/\/www.impulsoenergia.eu\/pt-pt\/o-que-fazemos\/energia-solar\/","url":"https:\/\/www.impulsoenergia.eu\/pt-pt\/o-que-fazemos\/energia-solar\/","name":"Energia Solar - Impulso Energ\u00eda","isPartOf":{"@id":"https:\/\/www.impulsoenergia.eu\/#website"},"datePublished":"2021-01-26T17:27:03+00:00","dateModified":"2024-02-26T10:36:49+00:00","description":"Energ\u00eda Solar \u25b6 Instalaciones solares fotovoltaicas llaves en mano. Soluciones personalizadas para el sector industrial y residencial","breadcrumb":{"@id":"https:\/\/www.impulsoenergia.eu\/pt-pt\/o-que-fazemos\/energia-solar\/#breadcrumb"},"inLanguage":"pt-PT","potentialAction":[{"@type":"ReadAction","target":["https:\/\/www.impulsoenergia.eu\/pt-pt\/o-que-fazemos\/energia-solar\/"]}]},{"@type":"BreadcrumbList","@id":"https:\/\/www.impulsoenergia.eu\/pt-pt\/o-que-fazemos\/energia-solar\/#breadcrumb","itemListElement":[{"@type":"ListItem","position":1,"name":"Portada","item":"https:\/\/www.impulsoenergia.eu\/pt-pt\/"},{"@type":"ListItem","position":2,"name":"O que fazemos","item":"https:\/\/www.impulsoenergia.eu\/pt-pt\/o-que-fazemos\/"},{"@type":"ListItem","position":3,"name":"Energia Solar"}]},{"@type":"WebSite","@id":"https:\/\/www.impulsoenergia.eu\/#website","url":"https:\/\/www.impulsoenergia.eu\/","name":"Impulso Energ\u00eda","description":"Desarrollo e inversi\u00f3n en los sectores de la energ\u00eda y el agua","publisher":{"@id":"https:\/\/www.impulsoenergia.eu\/#organization"},"potentialAction":[{"@type":"SearchAction","target":{"@type":"EntryPoint","urlTemplate":"https:\/\/www.impulsoenergia.eu\/?s={search_term_string}"},"query-input":{"@type":"PropertyValueSpecification","valueRequired":true,"valueName":"search_term_string"}}],"inLanguage":"pt-PT"},{"@type":"Organization","@id":"https:\/\/www.impulsoenergia.eu\/#organization","name":"Impulso Energ\u00eda","url":"https:\/\/www.impulsoenergia.eu\/","logo":{"@type":"ImageObject","inLanguage":"pt-PT","@id":"https:\/\/www.impulsoenergia.eu\/#\/schema\/logo\/image\/","url":"https:\/\/www.impulsoenergia.eu\/custom\/uploads\/2022\/09\/logo-impulso.jpg","contentUrl":"https:\/\/www.impulsoenergia.eu\/custom\/uploads\/2022\/09\/logo-impulso.jpg","width":232,"height":75,"caption":"Impulso Energ\u00eda"},"image":{"@id":"https:\/\/www.impulsoenergia.eu\/#\/schema\/logo\/image\/"}}]}},"_links":{"self":[{"href":"https:\/\/www.impulsoenergia.eu\/pt-pt\/wp-json\/wp\/v2\/pages\/1475","targetHints":{"allow":["GET"]}}],"collection":[{"href":"https:\/\/www.impulsoenergia.eu\/pt-pt\/wp-json\/wp\/v2\/pages"}],"about":[{"href":"https:\/\/www.impulsoenergia.eu\/pt-pt\/wp-json\/wp\/v2\/types\/page"}],"author":[{"embeddable":true,"href":"https:\/\/www.impulsoenergia.eu\/pt-pt\/wp-json\/wp\/v2\/users\/1"}],"replies":[{"embeddable":true,"href":"https:\/\/www.impulsoenergia.eu\/pt-pt\/wp-json\/wp\/v2\/comments?post=1475"}],"version-history":[{"count":3,"href":"https:\/\/www.impulsoenergia.eu\/pt-pt\/wp-json\/wp\/v2\/pages\/1475\/revisions"}],"predecessor-version":[{"id":1534,"href":"https:\/\/www.impulsoenergia.eu\/pt-pt\/wp-json\/wp\/v2\/pages\/1475\/revisions\/1534"}],"up":[{"embeddable":true,"href":"https:\/\/www.impulsoenergia.eu\/pt-pt\/wp-json\/wp\/v2\/pages\/1394"}],"wp:attachment":[{"href":"https:\/\/www.impulsoenergia.eu\/pt-pt\/wp-json\/wp\/v2\/media?parent=1475"}],"curies":[{"name":"wp","href":"https:\/\/api.w.org\/{rel}","templated":true}]}}