{"id":1472,"date":"2021-02-03T17:04:32","date_gmt":"2021-02-03T17:04:32","guid":{"rendered":"https:\/\/www.impulsoenergia.eu\/que-hacemos\/energia-hidroelectrica\/"},"modified":"2024-02-26T10:15:56","modified_gmt":"2024-02-26T10:15:56","slug":"energia-hidroeletrica","status":"publish","type":"page","link":"https:\/\/www.impulsoenergia.eu\/pt-pt\/o-que-fazemos\/energia-hidroeletrica\/","title":{"rendered":"Energia Hidroel\u00e9trica"},"content":{"rendered":"","protected":false},"excerpt":{"rendered":"","protected":false},"author":1,"featured_media":0,"parent":1394,"menu_order":0,"comment_status":"closed","ping_status":"closed","template":"page-quehacemos.php","meta":{"_acf_changed":false,"footnotes":""},"class_list":["post-1472","page","type-page","status-publish","hentry"],"acf":[],"yoast_head":"<!-- This site is optimized with the Yoast SEO plugin v25.6 - https:\/\/yoast.com\/wordpress\/plugins\/seo\/ -->\n<title>Energia Hidroel\u00e9trica - Impulso Energ\u00eda<\/title>\n<meta name=\"description\" content=\"Energ\u00eda Hidroel\u00e9ctrica \u25b6 Hacemos obras de prospecci\u00f3n, dise\u00f1o, desarrollo, construcci\u00f3n y operaci\u00f3n y mantenimiento de centrales hidroel\u00e9ctricas\" \/>\n<meta name=\"robots\" content=\"index, follow, max-snippet:-1, max-image-preview:large, max-video-preview:-1\" \/>\n<link rel=\"canonical\" href=\"https:\/\/www.impulsoenergia.eu\/pt-pt\/o-que-fazemos\/energia-hidroeletrica\/\" \/>\n<meta property=\"og:locale\" content=\"pt_PT\" \/>\n<meta property=\"og:type\" content=\"article\" \/>\n<meta property=\"og:title\" content=\"Energia Hidroel\u00e9trica - Impulso Energ\u00eda\" \/>\n<meta property=\"og:description\" content=\"Energ\u00eda Hidroel\u00e9ctrica \u25b6 Hacemos obras de prospecci\u00f3n, dise\u00f1o, desarrollo, construcci\u00f3n y operaci\u00f3n y mantenimiento de centrales hidroel\u00e9ctricas\" \/>\n<meta property=\"og:url\" content=\"https:\/\/www.impulsoenergia.eu\/pt-pt\/o-que-fazemos\/energia-hidroeletrica\/\" \/>\n<meta property=\"og:site_name\" content=\"Impulso Energ\u00eda\" \/>\n<meta property=\"article:modified_time\" content=\"2024-02-26T10:15:56+00:00\" \/>\n<meta property=\"og:image\" content=\"https:\/\/www.impulsoenergia.eu\/custom\/uploads\/2022\/04\/portada-hidro.jpg\" \/>\n\t<meta property=\"og:image:width\" content=\"2000\" \/>\n\t<meta property=\"og:image:height\" content=\"896\" \/>\n\t<meta property=\"og:image:type\" content=\"image\/jpeg\" \/>\n<meta name=\"twitter:card\" content=\"summary_large_image\" \/>\n<meta name=\"twitter:image\" content=\"https:\/\/www.impulsoenergia.eu\/custom\/uploads\/2022\/04\/portada-hidro.jpg\" \/>\n<script type=\"application\/ld+json\" class=\"yoast-schema-graph\">{\"@context\":\"https:\/\/schema.org\",\"@graph\":[{\"@type\":\"WebPage\",\"@id\":\"https:\/\/www.impulsoenergia.eu\/pt-pt\/o-que-fazemos\/energia-hidroeletrica\/\",\"url\":\"https:\/\/www.impulsoenergia.eu\/pt-pt\/o-que-fazemos\/energia-hidroeletrica\/\",\"name\":\"Energia Hidroel\u00e9trica - Impulso Energ\u00eda\",\"isPartOf\":{\"@id\":\"https:\/\/www.impulsoenergia.eu\/#website\"},\"datePublished\":\"2021-02-03T17:04:32+00:00\",\"dateModified\":\"2024-02-26T10:15:56+00:00\",\"description\":\"Energ\u00eda Hidroel\u00e9ctrica \u25b6 Hacemos obras de prospecci\u00f3n, dise\u00f1o, desarrollo, construcci\u00f3n y operaci\u00f3n y mantenimiento de centrales hidroel\u00e9ctricas\",\"breadcrumb\":{\"@id\":\"https:\/\/www.impulsoenergia.eu\/pt-pt\/o-que-fazemos\/energia-hidroeletrica\/#breadcrumb\"},\"inLanguage\":\"pt-PT\",\"potentialAction\":[{\"@type\":\"ReadAction\",\"target\":[\"https:\/\/www.impulsoenergia.eu\/pt-pt\/o-que-fazemos\/energia-hidroeletrica\/\"]}]},{\"@type\":\"BreadcrumbList\",\"@id\":\"https:\/\/www.impulsoenergia.eu\/pt-pt\/o-que-fazemos\/energia-hidroeletrica\/#breadcrumb\",\"itemListElement\":[{\"@type\":\"ListItem\",\"position\":1,\"name\":\"Portada\",\"item\":\"https:\/\/www.impulsoenergia.eu\/pt-pt\/\"},{\"@type\":\"ListItem\",\"position\":2,\"name\":\"O que fazemos\",\"item\":\"https:\/\/www.impulsoenergia.eu\/pt-pt\/o-que-fazemos\/\"},{\"@type\":\"ListItem\",\"position\":3,\"name\":\"Energia Hidroel\u00e9trica\"}]},{\"@type\":\"WebSite\",\"@id\":\"https:\/\/www.impulsoenergia.eu\/#website\",\"url\":\"https:\/\/www.impulsoenergia.eu\/\",\"name\":\"Impulso Energ\u00eda\",\"description\":\"Desarrollo e inversi\u00f3n en los sectores de la energ\u00eda y el agua\",\"publisher\":{\"@id\":\"https:\/\/www.impulsoenergia.eu\/#organization\"},\"potentialAction\":[{\"@type\":\"SearchAction\",\"target\":{\"@type\":\"EntryPoint\",\"urlTemplate\":\"https:\/\/www.impulsoenergia.eu\/?s={search_term_string}\"},\"query-input\":{\"@type\":\"PropertyValueSpecification\",\"valueRequired\":true,\"valueName\":\"search_term_string\"}}],\"inLanguage\":\"pt-PT\"},{\"@type\":\"Organization\",\"@id\":\"https:\/\/www.impulsoenergia.eu\/#organization\",\"name\":\"Impulso Energ\u00eda\",\"url\":\"https:\/\/www.impulsoenergia.eu\/\",\"logo\":{\"@type\":\"ImageObject\",\"inLanguage\":\"pt-PT\",\"@id\":\"https:\/\/www.impulsoenergia.eu\/#\/schema\/logo\/image\/\",\"url\":\"https:\/\/www.impulsoenergia.eu\/custom\/uploads\/2022\/09\/logo-impulso.jpg\",\"contentUrl\":\"https:\/\/www.impulsoenergia.eu\/custom\/uploads\/2022\/09\/logo-impulso.jpg\",\"width\":232,\"height\":75,\"caption\":\"Impulso Energ\u00eda\"},\"image\":{\"@id\":\"https:\/\/www.impulsoenergia.eu\/#\/schema\/logo\/image\/\"}}]}<\/script>\n<!-- \/ Yoast SEO plugin. -->","yoast_head_json":{"title":"Energia Hidroel\u00e9trica - Impulso Energ\u00eda","description":"Energ\u00eda Hidroel\u00e9ctrica \u25b6 Hacemos obras de prospecci\u00f3n, dise\u00f1o, desarrollo, construcci\u00f3n y operaci\u00f3n y mantenimiento de centrales hidroel\u00e9ctricas","robots":{"index":"index","follow":"follow","max-snippet":"max-snippet:-1","max-image-preview":"max-image-preview:large","max-video-preview":"max-video-preview:-1"},"canonical":"https:\/\/www.impulsoenergia.eu\/pt-pt\/o-que-fazemos\/energia-hidroeletrica\/","og_locale":"pt_PT","og_type":"article","og_title":"Energia Hidroel\u00e9trica - Impulso Energ\u00eda","og_description":"Energ\u00eda Hidroel\u00e9ctrica \u25b6 Hacemos obras de prospecci\u00f3n, dise\u00f1o, desarrollo, construcci\u00f3n y operaci\u00f3n y mantenimiento de centrales hidroel\u00e9ctricas","og_url":"https:\/\/www.impulsoenergia.eu\/pt-pt\/o-que-fazemos\/energia-hidroeletrica\/","og_site_name":"Impulso Energ\u00eda","article_modified_time":"2024-02-26T10:15:56+00:00","og_image":[{"width":2000,"height":896,"url":"https:\/\/www.impulsoenergia.eu\/custom\/uploads\/2022\/04\/portada-hidro.jpg","type":"image\/jpeg"}],"twitter_card":"summary_large_image","twitter_image":"https:\/\/www.impulsoenergia.eu\/custom\/uploads\/2022\/04\/portada-hidro.jpg","schema":{"@context":"https:\/\/schema.org","@graph":[{"@type":"WebPage","@id":"https:\/\/www.impulsoenergia.eu\/pt-pt\/o-que-fazemos\/energia-hidroeletrica\/","url":"https:\/\/www.impulsoenergia.eu\/pt-pt\/o-que-fazemos\/energia-hidroeletrica\/","name":"Energia Hidroel\u00e9trica - Impulso Energ\u00eda","isPartOf":{"@id":"https:\/\/www.impulsoenergia.eu\/#website"},"datePublished":"2021-02-03T17:04:32+00:00","dateModified":"2024-02-26T10:15:56+00:00","description":"Energ\u00eda Hidroel\u00e9ctrica \u25b6 Hacemos obras de prospecci\u00f3n, dise\u00f1o, desarrollo, construcci\u00f3n y operaci\u00f3n y mantenimiento de centrales hidroel\u00e9ctricas","breadcrumb":{"@id":"https:\/\/www.impulsoenergia.eu\/pt-pt\/o-que-fazemos\/energia-hidroeletrica\/#breadcrumb"},"inLanguage":"pt-PT","potentialAction":[{"@type":"ReadAction","target":["https:\/\/www.impulsoenergia.eu\/pt-pt\/o-que-fazemos\/energia-hidroeletrica\/"]}]},{"@type":"BreadcrumbList","@id":"https:\/\/www.impulsoenergia.eu\/pt-pt\/o-que-fazemos\/energia-hidroeletrica\/#breadcrumb","itemListElement":[{"@type":"ListItem","position":1,"name":"Portada","item":"https:\/\/www.impulsoenergia.eu\/pt-pt\/"},{"@type":"ListItem","position":2,"name":"O que fazemos","item":"https:\/\/www.impulsoenergia.eu\/pt-pt\/o-que-fazemos\/"},{"@type":"ListItem","position":3,"name":"Energia Hidroel\u00e9trica"}]},{"@type":"WebSite","@id":"https:\/\/www.impulsoenergia.eu\/#website","url":"https:\/\/www.impulsoenergia.eu\/","name":"Impulso Energ\u00eda","description":"Desarrollo e inversi\u00f3n en los sectores de la energ\u00eda y el agua","publisher":{"@id":"https:\/\/www.impulsoenergia.eu\/#organization"},"potentialAction":[{"@type":"SearchAction","target":{"@type":"EntryPoint","urlTemplate":"https:\/\/www.impulsoenergia.eu\/?s={search_term_string}"},"query-input":{"@type":"PropertyValueSpecification","valueRequired":true,"valueName":"search_term_string"}}],"inLanguage":"pt-PT"},{"@type":"Organization","@id":"https:\/\/www.impulsoenergia.eu\/#organization","name":"Impulso Energ\u00eda","url":"https:\/\/www.impulsoenergia.eu\/","logo":{"@type":"ImageObject","inLanguage":"pt-PT","@id":"https:\/\/www.impulsoenergia.eu\/#\/schema\/logo\/image\/","url":"https:\/\/www.impulsoenergia.eu\/custom\/uploads\/2022\/09\/logo-impulso.jpg","contentUrl":"https:\/\/www.impulsoenergia.eu\/custom\/uploads\/2022\/09\/logo-impulso.jpg","width":232,"height":75,"caption":"Impulso Energ\u00eda"},"image":{"@id":"https:\/\/www.impulsoenergia.eu\/#\/schema\/logo\/image\/"}}]}},"_links":{"self":[{"href":"https:\/\/www.impulsoenergia.eu\/pt-pt\/wp-json\/wp\/v2\/pages\/1472","targetHints":{"allow":["GET"]}}],"collection":[{"href":"https:\/\/www.impulsoenergia.eu\/pt-pt\/wp-json\/wp\/v2\/pages"}],"about":[{"href":"https:\/\/www.impulsoenergia.eu\/pt-pt\/wp-json\/wp\/v2\/types\/page"}],"author":[{"embeddable":true,"href":"https:\/\/www.impulsoenergia.eu\/pt-pt\/wp-json\/wp\/v2\/users\/1"}],"replies":[{"embeddable":true,"href":"https:\/\/www.impulsoenergia.eu\/pt-pt\/wp-json\/wp\/v2\/comments?post=1472"}],"version-history":[{"count":2,"href":"https:\/\/www.impulsoenergia.eu\/pt-pt\/wp-json\/wp\/v2\/pages\/1472\/revisions"}],"predecessor-version":[{"id":1474,"href":"https:\/\/www.impulsoenergia.eu\/pt-pt\/wp-json\/wp\/v2\/pages\/1472\/revisions\/1474"}],"up":[{"embeddable":true,"href":"https:\/\/www.impulsoenergia.eu\/pt-pt\/wp-json\/wp\/v2\/pages\/1394"}],"wp:attachment":[{"href":"https:\/\/www.impulsoenergia.eu\/pt-pt\/wp-json\/wp\/v2\/media?parent=1472"}],"curies":[{"name":"wp","href":"https:\/\/api.w.org\/{rel}","templated":true}]}}