{"id":1466,"date":"2021-02-08T15:27:04","date_gmt":"2021-02-08T15:27:04","guid":{"rendered":"https:\/\/www.impulsoenergia.eu\/que-hacemos\/distribucion-y-comercializacion-de-energia\/"},"modified":"2024-02-26T10:16:15","modified_gmt":"2024-02-26T10:16:15","slug":"distribucao-e-comercializacao-de-energia","status":"publish","type":"page","link":"https:\/\/www.impulsoenergia.eu\/pt-pt\/o-que-fazemos\/distribucao-e-comercializacao-de-energia\/","title":{"rendered":"Distribui\u00e7\u00e3o e comercializa\u00e7\u00e3o de energia"},"content":{"rendered":"","protected":false},"excerpt":{"rendered":"","protected":false},"author":1,"featured_media":0,"parent":1394,"menu_order":0,"comment_status":"closed","ping_status":"closed","template":"page-quehacemos-energia.php","meta":{"_acf_changed":false,"footnotes":""},"class_list":["post-1466","page","type-page","status-publish","hentry"],"acf":[],"yoast_head":"<!-- This site is optimized with the Yoast SEO plugin v25.6 - https:\/\/yoast.com\/wordpress\/plugins\/seo\/ -->\n<title>Distribui\u00e7\u00e3o e comercializa\u00e7\u00e3o de energia - Impulso Energ\u00eda<\/title>\n<meta name=\"description\" content=\"Concesi\u00f3n de gesti\u00f3n, distribuci\u00f3n y comercializaci\u00f3n de energ\u00eda en la Isla de Sal en la Rep\u00fablica de Cabo Verde de 100 Ha.\" \/>\n<meta name=\"robots\" content=\"index, follow, max-snippet:-1, max-image-preview:large, max-video-preview:-1\" \/>\n<link rel=\"canonical\" href=\"https:\/\/www.impulsoenergia.eu\/pt-pt\/o-que-fazemos\/distribucao-e-comercializacao-de-energia\/\" \/>\n<meta property=\"og:locale\" content=\"pt_PT\" \/>\n<meta property=\"og:type\" content=\"article\" \/>\n<meta property=\"og:title\" content=\"Distribui\u00e7\u00e3o e comercializa\u00e7\u00e3o de energia - Impulso Energ\u00eda\" \/>\n<meta property=\"og:description\" content=\"Concesi\u00f3n de gesti\u00f3n, distribuci\u00f3n y comercializaci\u00f3n de energ\u00eda en la Isla de Sal en la Rep\u00fablica de Cabo Verde de 100 Ha.\" \/>\n<meta property=\"og:url\" content=\"https:\/\/www.impulsoenergia.eu\/pt-pt\/o-que-fazemos\/distribucao-e-comercializacao-de-energia\/\" \/>\n<meta property=\"og:site_name\" content=\"Impulso Energ\u00eda\" \/>\n<meta property=\"article:modified_time\" content=\"2024-02-26T10:16:15+00:00\" \/>\n<meta name=\"twitter:card\" content=\"summary_large_image\" \/>\n<script type=\"application\/ld+json\" class=\"yoast-schema-graph\">{\"@context\":\"https:\/\/schema.org\",\"@graph\":[{\"@type\":\"WebPage\",\"@id\":\"https:\/\/www.impulsoenergia.eu\/pt-pt\/o-que-fazemos\/distribucao-e-comercializacao-de-energia\/\",\"url\":\"https:\/\/www.impulsoenergia.eu\/pt-pt\/o-que-fazemos\/distribucao-e-comercializacao-de-energia\/\",\"name\":\"Distribui\u00e7\u00e3o e comercializa\u00e7\u00e3o de energia - Impulso Energ\u00eda\",\"isPartOf\":{\"@id\":\"https:\/\/www.impulsoenergia.eu\/#website\"},\"datePublished\":\"2021-02-08T15:27:04+00:00\",\"dateModified\":\"2024-02-26T10:16:15+00:00\",\"description\":\"Concesi\u00f3n de gesti\u00f3n, distribuci\u00f3n y comercializaci\u00f3n de energ\u00eda en la Isla de Sal en la Rep\u00fablica de Cabo Verde de 100 Ha.\",\"breadcrumb\":{\"@id\":\"https:\/\/www.impulsoenergia.eu\/pt-pt\/o-que-fazemos\/distribucao-e-comercializacao-de-energia\/#breadcrumb\"},\"inLanguage\":\"pt-PT\",\"potentialAction\":[{\"@type\":\"ReadAction\",\"target\":[\"https:\/\/www.impulsoenergia.eu\/pt-pt\/o-que-fazemos\/distribucao-e-comercializacao-de-energia\/\"]}]},{\"@type\":\"BreadcrumbList\",\"@id\":\"https:\/\/www.impulsoenergia.eu\/pt-pt\/o-que-fazemos\/distribucao-e-comercializacao-de-energia\/#breadcrumb\",\"itemListElement\":[{\"@type\":\"ListItem\",\"position\":1,\"name\":\"Portada\",\"item\":\"https:\/\/www.impulsoenergia.eu\/pt-pt\/\"},{\"@type\":\"ListItem\",\"position\":2,\"name\":\"O que fazemos\",\"item\":\"https:\/\/www.impulsoenergia.eu\/pt-pt\/o-que-fazemos\/\"},{\"@type\":\"ListItem\",\"position\":3,\"name\":\"Distribui\u00e7\u00e3o e comercializa\u00e7\u00e3o de energia\"}]},{\"@type\":\"WebSite\",\"@id\":\"https:\/\/www.impulsoenergia.eu\/#website\",\"url\":\"https:\/\/www.impulsoenergia.eu\/\",\"name\":\"Impulso Energ\u00eda\",\"description\":\"Desarrollo e inversi\u00f3n en los sectores de la energ\u00eda y el agua\",\"publisher\":{\"@id\":\"https:\/\/www.impulsoenergia.eu\/#organization\"},\"potentialAction\":[{\"@type\":\"SearchAction\",\"target\":{\"@type\":\"EntryPoint\",\"urlTemplate\":\"https:\/\/www.impulsoenergia.eu\/?s={search_term_string}\"},\"query-input\":{\"@type\":\"PropertyValueSpecification\",\"valueRequired\":true,\"valueName\":\"search_term_string\"}}],\"inLanguage\":\"pt-PT\"},{\"@type\":\"Organization\",\"@id\":\"https:\/\/www.impulsoenergia.eu\/#organization\",\"name\":\"Impulso Energ\u00eda\",\"url\":\"https:\/\/www.impulsoenergia.eu\/\",\"logo\":{\"@type\":\"ImageObject\",\"inLanguage\":\"pt-PT\",\"@id\":\"https:\/\/www.impulsoenergia.eu\/#\/schema\/logo\/image\/\",\"url\":\"https:\/\/www.impulsoenergia.eu\/custom\/uploads\/2022\/09\/logo-impulso.jpg\",\"contentUrl\":\"https:\/\/www.impulsoenergia.eu\/custom\/uploads\/2022\/09\/logo-impulso.jpg\",\"width\":232,\"height\":75,\"caption\":\"Impulso Energ\u00eda\"},\"image\":{\"@id\":\"https:\/\/www.impulsoenergia.eu\/#\/schema\/logo\/image\/\"}}]}<\/script>\n<!-- \/ Yoast SEO plugin. -->","yoast_head_json":{"title":"Distribui\u00e7\u00e3o e comercializa\u00e7\u00e3o de energia - Impulso Energ\u00eda","description":"Concesi\u00f3n de gesti\u00f3n, distribuci\u00f3n y comercializaci\u00f3n de energ\u00eda en la Isla de Sal en la Rep\u00fablica de Cabo Verde de 100 Ha.","robots":{"index":"index","follow":"follow","max-snippet":"max-snippet:-1","max-image-preview":"max-image-preview:large","max-video-preview":"max-video-preview:-1"},"canonical":"https:\/\/www.impulsoenergia.eu\/pt-pt\/o-que-fazemos\/distribucao-e-comercializacao-de-energia\/","og_locale":"pt_PT","og_type":"article","og_title":"Distribui\u00e7\u00e3o e comercializa\u00e7\u00e3o de energia - Impulso Energ\u00eda","og_description":"Concesi\u00f3n de gesti\u00f3n, distribuci\u00f3n y comercializaci\u00f3n de energ\u00eda en la Isla de Sal en la Rep\u00fablica de Cabo Verde de 100 Ha.","og_url":"https:\/\/www.impulsoenergia.eu\/pt-pt\/o-que-fazemos\/distribucao-e-comercializacao-de-energia\/","og_site_name":"Impulso Energ\u00eda","article_modified_time":"2024-02-26T10:16:15+00:00","twitter_card":"summary_large_image","schema":{"@context":"https:\/\/schema.org","@graph":[{"@type":"WebPage","@id":"https:\/\/www.impulsoenergia.eu\/pt-pt\/o-que-fazemos\/distribucao-e-comercializacao-de-energia\/","url":"https:\/\/www.impulsoenergia.eu\/pt-pt\/o-que-fazemos\/distribucao-e-comercializacao-de-energia\/","name":"Distribui\u00e7\u00e3o e comercializa\u00e7\u00e3o de energia - Impulso Energ\u00eda","isPartOf":{"@id":"https:\/\/www.impulsoenergia.eu\/#website"},"datePublished":"2021-02-08T15:27:04+00:00","dateModified":"2024-02-26T10:16:15+00:00","description":"Concesi\u00f3n de gesti\u00f3n, distribuci\u00f3n y comercializaci\u00f3n de energ\u00eda en la Isla de Sal en la Rep\u00fablica de Cabo Verde de 100 Ha.","breadcrumb":{"@id":"https:\/\/www.impulsoenergia.eu\/pt-pt\/o-que-fazemos\/distribucao-e-comercializacao-de-energia\/#breadcrumb"},"inLanguage":"pt-PT","potentialAction":[{"@type":"ReadAction","target":["https:\/\/www.impulsoenergia.eu\/pt-pt\/o-que-fazemos\/distribucao-e-comercializacao-de-energia\/"]}]},{"@type":"BreadcrumbList","@id":"https:\/\/www.impulsoenergia.eu\/pt-pt\/o-que-fazemos\/distribucao-e-comercializacao-de-energia\/#breadcrumb","itemListElement":[{"@type":"ListItem","position":1,"name":"Portada","item":"https:\/\/www.impulsoenergia.eu\/pt-pt\/"},{"@type":"ListItem","position":2,"name":"O que fazemos","item":"https:\/\/www.impulsoenergia.eu\/pt-pt\/o-que-fazemos\/"},{"@type":"ListItem","position":3,"name":"Distribui\u00e7\u00e3o e comercializa\u00e7\u00e3o de energia"}]},{"@type":"WebSite","@id":"https:\/\/www.impulsoenergia.eu\/#website","url":"https:\/\/www.impulsoenergia.eu\/","name":"Impulso Energ\u00eda","description":"Desarrollo e inversi\u00f3n en los sectores de la energ\u00eda y el agua","publisher":{"@id":"https:\/\/www.impulsoenergia.eu\/#organization"},"potentialAction":[{"@type":"SearchAction","target":{"@type":"EntryPoint","urlTemplate":"https:\/\/www.impulsoenergia.eu\/?s={search_term_string}"},"query-input":{"@type":"PropertyValueSpecification","valueRequired":true,"valueName":"search_term_string"}}],"inLanguage":"pt-PT"},{"@type":"Organization","@id":"https:\/\/www.impulsoenergia.eu\/#organization","name":"Impulso Energ\u00eda","url":"https:\/\/www.impulsoenergia.eu\/","logo":{"@type":"ImageObject","inLanguage":"pt-PT","@id":"https:\/\/www.impulsoenergia.eu\/#\/schema\/logo\/image\/","url":"https:\/\/www.impulsoenergia.eu\/custom\/uploads\/2022\/09\/logo-impulso.jpg","contentUrl":"https:\/\/www.impulsoenergia.eu\/custom\/uploads\/2022\/09\/logo-impulso.jpg","width":232,"height":75,"caption":"Impulso Energ\u00eda"},"image":{"@id":"https:\/\/www.impulsoenergia.eu\/#\/schema\/logo\/image\/"}}]}},"_links":{"self":[{"href":"https:\/\/www.impulsoenergia.eu\/pt-pt\/wp-json\/wp\/v2\/pages\/1466","targetHints":{"allow":["GET"]}}],"collection":[{"href":"https:\/\/www.impulsoenergia.eu\/pt-pt\/wp-json\/wp\/v2\/pages"}],"about":[{"href":"https:\/\/www.impulsoenergia.eu\/pt-pt\/wp-json\/wp\/v2\/types\/page"}],"author":[{"embeddable":true,"href":"https:\/\/www.impulsoenergia.eu\/pt-pt\/wp-json\/wp\/v2\/users\/1"}],"replies":[{"embeddable":true,"href":"https:\/\/www.impulsoenergia.eu\/pt-pt\/wp-json\/wp\/v2\/comments?post=1466"}],"version-history":[{"count":1,"href":"https:\/\/www.impulsoenergia.eu\/pt-pt\/wp-json\/wp\/v2\/pages\/1466\/revisions"}],"predecessor-version":[{"id":1467,"href":"https:\/\/www.impulsoenergia.eu\/pt-pt\/wp-json\/wp\/v2\/pages\/1466\/revisions\/1467"}],"up":[{"embeddable":true,"href":"https:\/\/www.impulsoenergia.eu\/pt-pt\/wp-json\/wp\/v2\/pages\/1394"}],"wp:attachment":[{"href":"https:\/\/www.impulsoenergia.eu\/pt-pt\/wp-json\/wp\/v2\/media?parent=1466"}],"curies":[{"name":"wp","href":"https:\/\/api.w.org\/{rel}","templated":true}]}}