{"id":1463,"date":"2021-02-04T15:41:21","date_gmt":"2021-02-04T15:41:21","guid":{"rendered":"https:\/\/www.impulsoenergia.eu\/que-hacemos\/ciclo-integral-del-agua\/"},"modified":"2024-02-26T10:16:25","modified_gmt":"2024-02-26T10:16:25","slug":"ciclo-integral-da-agua","status":"publish","type":"page","link":"https:\/\/www.impulsoenergia.eu\/pt-pt\/o-que-fazemos\/ciclo-integral-da-agua\/","title":{"rendered":"Ciclo Integral da \u00c1gua"},"content":{"rendered":"","protected":false},"excerpt":{"rendered":"","protected":false},"author":1,"featured_media":0,"parent":1394,"menu_order":0,"comment_status":"closed","ping_status":"closed","template":"page-quehacemos.php","meta":{"_acf_changed":false,"footnotes":""},"class_list":["post-1463","page","type-page","status-publish","hentry"],"acf":[],"yoast_head":"<!-- This site is optimized with the Yoast SEO plugin v25.6 - https:\/\/yoast.com\/wordpress\/plugins\/seo\/ -->\n<title>Ciclo Integral da \u00c1gua - Impulso Energ\u00eda<\/title>\n<meta name=\"description\" content=\"Realizamos los servicios del ciclo integral del agua desde la producci\u00f3n de agua mediante desalaci\u00f3n, distribuci\u00f3n tanto para la poblaci\u00f3n local como para clientes del sector tur\u00edstico, as\u00ed como saneamiento, depuraci\u00f3n y regeneraci\u00f3n de agua.\" \/>\n<meta name=\"robots\" content=\"index, follow, max-snippet:-1, max-image-preview:large, max-video-preview:-1\" \/>\n<link rel=\"canonical\" href=\"https:\/\/www.impulsoenergia.eu\/pt-pt\/o-que-fazemos\/ciclo-integral-da-agua\/\" \/>\n<meta property=\"og:locale\" content=\"pt_PT\" \/>\n<meta property=\"og:type\" content=\"article\" \/>\n<meta property=\"og:title\" content=\"Ciclo Integral da \u00c1gua - Impulso Energ\u00eda\" \/>\n<meta property=\"og:description\" content=\"Realizamos los servicios del ciclo integral del agua desde la producci\u00f3n de agua mediante desalaci\u00f3n, distribuci\u00f3n tanto para la poblaci\u00f3n local como para clientes del sector tur\u00edstico, as\u00ed como saneamiento, depuraci\u00f3n y regeneraci\u00f3n de agua.\" \/>\n<meta property=\"og:url\" content=\"https:\/\/www.impulsoenergia.eu\/pt-pt\/o-que-fazemos\/ciclo-integral-da-agua\/\" \/>\n<meta property=\"og:site_name\" content=\"Impulso Energ\u00eda\" \/>\n<meta property=\"article:modified_time\" content=\"2024-02-26T10:16:25+00:00\" \/>\n<meta name=\"twitter:card\" content=\"summary_large_image\" \/>\n<meta name=\"twitter:image\" content=\"https:\/\/www.impulsoenergia.eu\/custom\/uploads\/2022\/05\/image.jpg\" \/>\n<script type=\"application\/ld+json\" class=\"yoast-schema-graph\">{\"@context\":\"https:\/\/schema.org\",\"@graph\":[{\"@type\":\"WebPage\",\"@id\":\"https:\/\/www.impulsoenergia.eu\/pt-pt\/o-que-fazemos\/ciclo-integral-da-agua\/\",\"url\":\"https:\/\/www.impulsoenergia.eu\/pt-pt\/o-que-fazemos\/ciclo-integral-da-agua\/\",\"name\":\"Ciclo Integral da \u00c1gua - Impulso Energ\u00eda\",\"isPartOf\":{\"@id\":\"https:\/\/www.impulsoenergia.eu\/#website\"},\"datePublished\":\"2021-02-04T15:41:21+00:00\",\"dateModified\":\"2024-02-26T10:16:25+00:00\",\"description\":\"Realizamos los servicios del ciclo integral del agua desde la producci\u00f3n de agua mediante desalaci\u00f3n, distribuci\u00f3n tanto para la poblaci\u00f3n local como para clientes del sector tur\u00edstico, as\u00ed como saneamiento, depuraci\u00f3n y regeneraci\u00f3n de agua.\",\"breadcrumb\":{\"@id\":\"https:\/\/www.impulsoenergia.eu\/pt-pt\/o-que-fazemos\/ciclo-integral-da-agua\/#breadcrumb\"},\"inLanguage\":\"pt-PT\",\"potentialAction\":[{\"@type\":\"ReadAction\",\"target\":[\"https:\/\/www.impulsoenergia.eu\/pt-pt\/o-que-fazemos\/ciclo-integral-da-agua\/\"]}]},{\"@type\":\"BreadcrumbList\",\"@id\":\"https:\/\/www.impulsoenergia.eu\/pt-pt\/o-que-fazemos\/ciclo-integral-da-agua\/#breadcrumb\",\"itemListElement\":[{\"@type\":\"ListItem\",\"position\":1,\"name\":\"Portada\",\"item\":\"https:\/\/www.impulsoenergia.eu\/pt-pt\/\"},{\"@type\":\"ListItem\",\"position\":2,\"name\":\"O que fazemos\",\"item\":\"https:\/\/www.impulsoenergia.eu\/pt-pt\/o-que-fazemos\/\"},{\"@type\":\"ListItem\",\"position\":3,\"name\":\"Ciclo Integral da \u00c1gua\"}]},{\"@type\":\"WebSite\",\"@id\":\"https:\/\/www.impulsoenergia.eu\/#website\",\"url\":\"https:\/\/www.impulsoenergia.eu\/\",\"name\":\"Impulso Energ\u00eda\",\"description\":\"Desarrollo e inversi\u00f3n en los sectores de la energ\u00eda y el agua\",\"publisher\":{\"@id\":\"https:\/\/www.impulsoenergia.eu\/#organization\"},\"potentialAction\":[{\"@type\":\"SearchAction\",\"target\":{\"@type\":\"EntryPoint\",\"urlTemplate\":\"https:\/\/www.impulsoenergia.eu\/?s={search_term_string}\"},\"query-input\":{\"@type\":\"PropertyValueSpecification\",\"valueRequired\":true,\"valueName\":\"search_term_string\"}}],\"inLanguage\":\"pt-PT\"},{\"@type\":\"Organization\",\"@id\":\"https:\/\/www.impulsoenergia.eu\/#organization\",\"name\":\"Impulso Energ\u00eda\",\"url\":\"https:\/\/www.impulsoenergia.eu\/\",\"logo\":{\"@type\":\"ImageObject\",\"inLanguage\":\"pt-PT\",\"@id\":\"https:\/\/www.impulsoenergia.eu\/#\/schema\/logo\/image\/\",\"url\":\"https:\/\/www.impulsoenergia.eu\/custom\/uploads\/2022\/09\/logo-impulso.jpg\",\"contentUrl\":\"https:\/\/www.impulsoenergia.eu\/custom\/uploads\/2022\/09\/logo-impulso.jpg\",\"width\":232,\"height\":75,\"caption\":\"Impulso Energ\u00eda\"},\"image\":{\"@id\":\"https:\/\/www.impulsoenergia.eu\/#\/schema\/logo\/image\/\"}}]}<\/script>\n<!-- \/ Yoast SEO plugin. -->","yoast_head_json":{"title":"Ciclo Integral da \u00c1gua - Impulso Energ\u00eda","description":"Realizamos los servicios del ciclo integral del agua desde la producci\u00f3n de agua mediante desalaci\u00f3n, distribuci\u00f3n tanto para la poblaci\u00f3n local como para clientes del sector tur\u00edstico, as\u00ed como saneamiento, depuraci\u00f3n y regeneraci\u00f3n de agua.","robots":{"index":"index","follow":"follow","max-snippet":"max-snippet:-1","max-image-preview":"max-image-preview:large","max-video-preview":"max-video-preview:-1"},"canonical":"https:\/\/www.impulsoenergia.eu\/pt-pt\/o-que-fazemos\/ciclo-integral-da-agua\/","og_locale":"pt_PT","og_type":"article","og_title":"Ciclo Integral da \u00c1gua - Impulso Energ\u00eda","og_description":"Realizamos los servicios del ciclo integral del agua desde la producci\u00f3n de agua mediante desalaci\u00f3n, distribuci\u00f3n tanto para la poblaci\u00f3n local como para clientes del sector tur\u00edstico, as\u00ed como saneamiento, depuraci\u00f3n y regeneraci\u00f3n de agua.","og_url":"https:\/\/www.impulsoenergia.eu\/pt-pt\/o-que-fazemos\/ciclo-integral-da-agua\/","og_site_name":"Impulso Energ\u00eda","article_modified_time":"2024-02-26T10:16:25+00:00","twitter_card":"summary_large_image","twitter_image":"https:\/\/www.impulsoenergia.eu\/custom\/uploads\/2022\/05\/image.jpg","schema":{"@context":"https:\/\/schema.org","@graph":[{"@type":"WebPage","@id":"https:\/\/www.impulsoenergia.eu\/pt-pt\/o-que-fazemos\/ciclo-integral-da-agua\/","url":"https:\/\/www.impulsoenergia.eu\/pt-pt\/o-que-fazemos\/ciclo-integral-da-agua\/","name":"Ciclo Integral da \u00c1gua - Impulso Energ\u00eda","isPartOf":{"@id":"https:\/\/www.impulsoenergia.eu\/#website"},"datePublished":"2021-02-04T15:41:21+00:00","dateModified":"2024-02-26T10:16:25+00:00","description":"Realizamos los servicios del ciclo integral del agua desde la producci\u00f3n de agua mediante desalaci\u00f3n, distribuci\u00f3n tanto para la poblaci\u00f3n local como para clientes del sector tur\u00edstico, as\u00ed como saneamiento, depuraci\u00f3n y regeneraci\u00f3n de agua.","breadcrumb":{"@id":"https:\/\/www.impulsoenergia.eu\/pt-pt\/o-que-fazemos\/ciclo-integral-da-agua\/#breadcrumb"},"inLanguage":"pt-PT","potentialAction":[{"@type":"ReadAction","target":["https:\/\/www.impulsoenergia.eu\/pt-pt\/o-que-fazemos\/ciclo-integral-da-agua\/"]}]},{"@type":"BreadcrumbList","@id":"https:\/\/www.impulsoenergia.eu\/pt-pt\/o-que-fazemos\/ciclo-integral-da-agua\/#breadcrumb","itemListElement":[{"@type":"ListItem","position":1,"name":"Portada","item":"https:\/\/www.impulsoenergia.eu\/pt-pt\/"},{"@type":"ListItem","position":2,"name":"O que fazemos","item":"https:\/\/www.impulsoenergia.eu\/pt-pt\/o-que-fazemos\/"},{"@type":"ListItem","position":3,"name":"Ciclo Integral da \u00c1gua"}]},{"@type":"WebSite","@id":"https:\/\/www.impulsoenergia.eu\/#website","url":"https:\/\/www.impulsoenergia.eu\/","name":"Impulso Energ\u00eda","description":"Desarrollo e inversi\u00f3n en los sectores de la energ\u00eda y el agua","publisher":{"@id":"https:\/\/www.impulsoenergia.eu\/#organization"},"potentialAction":[{"@type":"SearchAction","target":{"@type":"EntryPoint","urlTemplate":"https:\/\/www.impulsoenergia.eu\/?s={search_term_string}"},"query-input":{"@type":"PropertyValueSpecification","valueRequired":true,"valueName":"search_term_string"}}],"inLanguage":"pt-PT"},{"@type":"Organization","@id":"https:\/\/www.impulsoenergia.eu\/#organization","name":"Impulso Energ\u00eda","url":"https:\/\/www.impulsoenergia.eu\/","logo":{"@type":"ImageObject","inLanguage":"pt-PT","@id":"https:\/\/www.impulsoenergia.eu\/#\/schema\/logo\/image\/","url":"https:\/\/www.impulsoenergia.eu\/custom\/uploads\/2022\/09\/logo-impulso.jpg","contentUrl":"https:\/\/www.impulsoenergia.eu\/custom\/uploads\/2022\/09\/logo-impulso.jpg","width":232,"height":75,"caption":"Impulso Energ\u00eda"},"image":{"@id":"https:\/\/www.impulsoenergia.eu\/#\/schema\/logo\/image\/"}}]}},"_links":{"self":[{"href":"https:\/\/www.impulsoenergia.eu\/pt-pt\/wp-json\/wp\/v2\/pages\/1463","targetHints":{"allow":["GET"]}}],"collection":[{"href":"https:\/\/www.impulsoenergia.eu\/pt-pt\/wp-json\/wp\/v2\/pages"}],"about":[{"href":"https:\/\/www.impulsoenergia.eu\/pt-pt\/wp-json\/wp\/v2\/types\/page"}],"author":[{"embeddable":true,"href":"https:\/\/www.impulsoenergia.eu\/pt-pt\/wp-json\/wp\/v2\/users\/1"}],"replies":[{"embeddable":true,"href":"https:\/\/www.impulsoenergia.eu\/pt-pt\/wp-json\/wp\/v2\/comments?post=1463"}],"version-history":[{"count":2,"href":"https:\/\/www.impulsoenergia.eu\/pt-pt\/wp-json\/wp\/v2\/pages\/1463\/revisions"}],"predecessor-version":[{"id":1465,"href":"https:\/\/www.impulsoenergia.eu\/pt-pt\/wp-json\/wp\/v2\/pages\/1463\/revisions\/1465"}],"up":[{"embeddable":true,"href":"https:\/\/www.impulsoenergia.eu\/pt-pt\/wp-json\/wp\/v2\/pages\/1394"}],"wp:attachment":[{"href":"https:\/\/www.impulsoenergia.eu\/pt-pt\/wp-json\/wp\/v2\/media?parent=1463"}],"curies":[{"name":"wp","href":"https:\/\/api.w.org\/{rel}","templated":true}]}}