{"id":1459,"date":"2021-05-17T09:18:25","date_gmt":"2021-05-17T09:18:25","guid":{"rendered":"https:\/\/www.impulsoenergia.eu\/politica-de-privacidad\/"},"modified":"2024-02-26T10:15:39","modified_gmt":"2024-02-26T10:15:39","slug":"politica-de-privacidade","status":"publish","type":"page","link":"https:\/\/www.impulsoenergia.eu\/pt-pt\/politica-de-privacidade\/","title":{"rendered":"Pol\u00edtica de Privacidade"},"content":{"rendered":"<p>Os dados pessoais recolhidos ou gerados ao comunicar-se com a IMPULSO SAGE, S.L., incluindo os correios eletr\u00f4nicos, ser\u00e3o tratados pela IMPULSO SAGE, S.L. com base na rela\u00e7\u00e3o profissional existente, com o objetivo de gerenciar essa rela\u00e7\u00e3o profissional, cumprir com as obriga\u00e7\u00f5es legais correspondentes e, se for o caso, inform\u00e1-lo sobre as atualidades jur\u00eddicas, obtendo o seu consentimento ou se houver um interesse leg\u00edtimo pela rela\u00e7\u00e3o gerada. Seus dados ser\u00e3o mantidos enquanto a rela\u00e7\u00e3o de contato profissional estiver em vigor e, posteriormente, enquanto houver responsabilidades legais ou contratuais ou enquanto n\u00e3o se opuser ao envio de informa\u00e7\u00f5es legais. Voc\u00ea pode exercer os direitos de acesso, retifica\u00e7\u00e3o, exclus\u00e3o, limita\u00e7\u00e3o e portabilidade, quando aplic\u00e1vel, em <a target=\"_new\" rel=\"noopener\">info@lenteimpulso.com<\/a>. Al\u00e9m disso, pode apresentar reclama\u00e7\u00f5es \u00e0 autoridade competente. Informamos que seus dados n\u00e3o ser\u00e3o cedidos a terceiros, exceto: a) empresas do Grupo, b) quando houver obriga\u00e7\u00e3o legal, ou c) expressamente indicarmos, podendo ter acesso a eles prestadores de servi\u00e7os de sistemas, ferramentas de tecnologia ou outros assessores com os quais, atendendo \u00e0 sua solicita\u00e7\u00e3o, precisemos entrar em contato.<\/p>\n<p>A IMPULSO SAGE, S.L. protege os dados pessoais conforme estabelecido no Regulamento (UE) 2016\/679 do Parlamento e do Conselho, de 27 de abril de 2016, relativo \u00e0 prote\u00e7\u00e3o das pessoas f\u00edsicas no que diz respeito ao tratamento de dados pessoais e \u00e0 livre circula\u00e7\u00e3o desses dados, para respeitar as liberdades e direitos fundamentais das pessoas a quem pertencem esses dados.<\/p>\n<p>Seus dados ser\u00e3o tratados com a m\u00e1xima confidencialidade para gerenciar nossa rela\u00e7\u00e3o comercial. Os dados ser\u00e3o mantidos at\u00e9 que a exclus\u00e3o seja solicitada para <a target=\"_new\" rel=\"noopener\">info@lenteimpulso.com<\/a> ou conforme estabelecido por uma disposi\u00e7\u00e3o legal. Voc\u00ea pode apresentar uma reclama\u00e7\u00e3o \u00e0 autoridade de controle competente (<a href=\"http:\/\/www.aepd.es\/\" target=\"_new\" rel=\"noopener\">www.aepd.es<\/a>) se considerar que o tratamento n\u00e3o est\u00e1 em conformidade com a legisla\u00e7\u00e3o vigente.<\/p>\n<p>A IMPULSO SAGE, S.L. est\u00e1 legitimada para tratar seus dados porque s\u00e3o necess\u00e1rios para prestar o servi\u00e7o solicitado ou pelo consentimento que voc\u00ea nos concede nos diferentes formul\u00e1rios de contato do site.<\/p>\n<p>Os dados n\u00e3o ser\u00e3o cedidos a terceiros, exceto nos casos em que exista uma obriga\u00e7\u00e3o legal.<\/p>\n<p>Para exercer os direitos de acesso, retifica\u00e7\u00e3o, exclus\u00e3o e portabilidade de seus dados, e a limita\u00e7\u00e3o ou oposi\u00e7\u00e3o ao seu tratamento, voc\u00ea deve enviar uma solicita\u00e7\u00e3o por escrito para <a target=\"_new\" rel=\"noopener\">info@lenteimpulso.com<\/a>.<\/p>\n<p>Os usu\u00e1rios, ao marcar as caixas correspondentes e inserir dados nos campos marcados com um asterisco (*) no formul\u00e1rio de contato ou apresentados em formul\u00e1rios de download, aceitam expressa e livremente que seus dados s\u00e3o necess\u00e1rios para atender \u00e0 sua solicita\u00e7\u00e3o, por parte do provedor, sendo volunt\u00e1ria a inclus\u00e3o de dados nos campos restantes. O usu\u00e1rio garante que os dados pessoais fornecidos s\u00e3o verdadeiros e se compromete a comunicar qualquer modifica\u00e7\u00e3o dos mesmos.<\/p>\n<p>A IMPULSO SAGE, S.L. informa e garante expressamente aos usu\u00e1rios que seus dados pessoais n\u00e3o ser\u00e3o cedidos em nenhum caso a terceiros, e que sempre que houver algum tipo de cess\u00e3o de dados pessoais, ser\u00e1 solicitado previamente o consentimento expresso, informado e inequ\u00edvoco por parte dos usu\u00e1rios. Todos os dados solicitados atrav\u00e9s do site s\u00e3o obrigat\u00f3rios, pois s\u00e3o necess\u00e1rios para a presta\u00e7\u00e3o de um servi\u00e7o \u00f3timo ao usu\u00e1rio. Se todos os dados n\u00e3o forem fornecidos, n\u00e3o garantimos que as informa\u00e7\u00f5es e servi\u00e7os fornecidos sejam completamente ajustados \u00e0s suas necessidades.<\/p>\n<p>A IMPULSO SAGE, S.L. est\u00e1 em conformidade com todas as disposi\u00e7\u00f5es das normativas para o tratamento dos dados pessoais de sua responsabilidade e com os princ\u00edpios descritos no artigo 5 do GDPR, nos quais s\u00e3o tratados de maneira l\u00edcita, justa e transparente em rela\u00e7\u00e3o ao interessado e adequados, pertinentes e limitados ao necess\u00e1rio em rela\u00e7\u00e3o aos fins para os quais s\u00e3o tratados.<\/p>\n<p>A IMPULSO SAGE, S.L. garante que implementou pol\u00edticas t\u00e9cnicas e organizativas apropriadas para aplicar as medidas de seguran\u00e7a estabelecidas pelo GDPR com o objetivo de proteger os direitos e liberdades dos usu\u00e1rios e forneceu as informa\u00e7\u00f5es adequadas para que possam exerc\u00ea-los.<\/p>\n<p>Endere\u00e7o: Ronda President Irla, 28, 08302 Matar\u00f3, Catalunha, Espanha<\/p>\n<p>Tel.: +34 93 548 24 26<\/p>\n<p>E-mail: <a target=\"_new\" rel=\"noopener\">info@lenteimpulso.com<\/a><\/p>\n","protected":false},"excerpt":{"rendered":"<p>Os dados pessoais recolhidos ou gerados ao comunicar-se com a IMPULSO SAGE, S.L., incluindo os correios eletr\u00f4nicos, ser\u00e3o tratados pela [&hellip;]<\/p>\n","protected":false},"author":1,"featured_media":0,"parent":0,"menu_order":0,"comment_status":"closed","ping_status":"closed","template":"","meta":{"_acf_changed":false,"footnotes":""},"class_list":["post-1459","page","type-page","status-publish","hentry"],"acf":[],"yoast_head":"<!-- This site is optimized with the Yoast SEO plugin v25.6 - https:\/\/yoast.com\/wordpress\/plugins\/seo\/ -->\n<title>Pol\u00edtica de Privacidade - Impulso Energ\u00eda<\/title>\n<meta name=\"robots\" content=\"noindex, nofollow\" \/>\n<meta property=\"og:locale\" content=\"pt_PT\" \/>\n<meta property=\"og:type\" content=\"article\" \/>\n<meta property=\"og:title\" content=\"Pol\u00edtica de Privacidade - Impulso Energ\u00eda\" \/>\n<meta property=\"og:description\" content=\"Os dados pessoais recolhidos ou gerados ao comunicar-se com a IMPULSO SAGE, S.L., incluindo os correios eletr\u00f4nicos, ser\u00e3o tratados pela [&hellip;]\" \/>\n<meta property=\"og:url\" content=\"https:\/\/www.impulsoenergia.eu\/pt-pt\/politica-de-privacidade\/\" \/>\n<meta property=\"og:site_name\" content=\"Impulso Energ\u00eda\" \/>\n<meta property=\"article:modified_time\" content=\"2024-02-26T10:15:39+00:00\" \/>\n<meta name=\"twitter:card\" content=\"summary_large_image\" \/>\n<meta name=\"twitter:label1\" content=\"Est. reading time\" \/>\n\t<meta name=\"twitter:data1\" content=\"3 minutes\" \/>\n<script type=\"application\/ld+json\" class=\"yoast-schema-graph\">{\"@context\":\"https:\/\/schema.org\",\"@graph\":[{\"@type\":\"WebPage\",\"@id\":\"https:\/\/www.impulsoenergia.eu\/pt-pt\/politica-de-privacidade\/\",\"url\":\"https:\/\/www.impulsoenergia.eu\/pt-pt\/politica-de-privacidade\/\",\"name\":\"Pol\u00edtica de Privacidade - Impulso Energ\u00eda\",\"isPartOf\":{\"@id\":\"https:\/\/www.impulsoenergia.eu\/#website\"},\"datePublished\":\"2021-05-17T09:18:25+00:00\",\"dateModified\":\"2024-02-26T10:15:39+00:00\",\"breadcrumb\":{\"@id\":\"https:\/\/www.impulsoenergia.eu\/pt-pt\/politica-de-privacidade\/#breadcrumb\"},\"inLanguage\":\"pt-PT\",\"potentialAction\":[{\"@type\":\"ReadAction\",\"target\":[\"https:\/\/www.impulsoenergia.eu\/pt-pt\/politica-de-privacidade\/\"]}]},{\"@type\":\"BreadcrumbList\",\"@id\":\"https:\/\/www.impulsoenergia.eu\/pt-pt\/politica-de-privacidade\/#breadcrumb\",\"itemListElement\":[{\"@type\":\"ListItem\",\"position\":1,\"name\":\"Portada\",\"item\":\"https:\/\/www.impulsoenergia.eu\/pt-pt\/\"},{\"@type\":\"ListItem\",\"position\":2,\"name\":\"Pol\u00edtica de Privacidade\"}]},{\"@type\":\"WebSite\",\"@id\":\"https:\/\/www.impulsoenergia.eu\/#website\",\"url\":\"https:\/\/www.impulsoenergia.eu\/\",\"name\":\"Impulso Energ\u00eda\",\"description\":\"Desarrollo e inversi\u00f3n en los sectores de la energ\u00eda y el agua\",\"publisher\":{\"@id\":\"https:\/\/www.impulsoenergia.eu\/#organization\"},\"potentialAction\":[{\"@type\":\"SearchAction\",\"target\":{\"@type\":\"EntryPoint\",\"urlTemplate\":\"https:\/\/www.impulsoenergia.eu\/?s={search_term_string}\"},\"query-input\":{\"@type\":\"PropertyValueSpecification\",\"valueRequired\":true,\"valueName\":\"search_term_string\"}}],\"inLanguage\":\"pt-PT\"},{\"@type\":\"Organization\",\"@id\":\"https:\/\/www.impulsoenergia.eu\/#organization\",\"name\":\"Impulso Energ\u00eda\",\"url\":\"https:\/\/www.impulsoenergia.eu\/\",\"logo\":{\"@type\":\"ImageObject\",\"inLanguage\":\"pt-PT\",\"@id\":\"https:\/\/www.impulsoenergia.eu\/#\/schema\/logo\/image\/\",\"url\":\"https:\/\/www.impulsoenergia.eu\/custom\/uploads\/2022\/09\/logo-impulso.jpg\",\"contentUrl\":\"https:\/\/www.impulsoenergia.eu\/custom\/uploads\/2022\/09\/logo-impulso.jpg\",\"width\":232,\"height\":75,\"caption\":\"Impulso Energ\u00eda\"},\"image\":{\"@id\":\"https:\/\/www.impulsoenergia.eu\/#\/schema\/logo\/image\/\"}}]}<\/script>\n<!-- \/ Yoast SEO plugin. -->","yoast_head_json":{"title":"Pol\u00edtica de Privacidade - Impulso Energ\u00eda","robots":{"index":"noindex","follow":"nofollow"},"og_locale":"pt_PT","og_type":"article","og_title":"Pol\u00edtica de Privacidade - Impulso Energ\u00eda","og_description":"Os dados pessoais recolhidos ou gerados ao comunicar-se com a IMPULSO SAGE, S.L., incluindo os correios eletr\u00f4nicos, ser\u00e3o tratados pela [&hellip;]","og_url":"https:\/\/www.impulsoenergia.eu\/pt-pt\/politica-de-privacidade\/","og_site_name":"Impulso Energ\u00eda","article_modified_time":"2024-02-26T10:15:39+00:00","twitter_card":"summary_large_image","twitter_misc":{"Est. reading time":"3 minutes"},"schema":{"@context":"https:\/\/schema.org","@graph":[{"@type":"WebPage","@id":"https:\/\/www.impulsoenergia.eu\/pt-pt\/politica-de-privacidade\/","url":"https:\/\/www.impulsoenergia.eu\/pt-pt\/politica-de-privacidade\/","name":"Pol\u00edtica de Privacidade - Impulso Energ\u00eda","isPartOf":{"@id":"https:\/\/www.impulsoenergia.eu\/#website"},"datePublished":"2021-05-17T09:18:25+00:00","dateModified":"2024-02-26T10:15:39+00:00","breadcrumb":{"@id":"https:\/\/www.impulsoenergia.eu\/pt-pt\/politica-de-privacidade\/#breadcrumb"},"inLanguage":"pt-PT","potentialAction":[{"@type":"ReadAction","target":["https:\/\/www.impulsoenergia.eu\/pt-pt\/politica-de-privacidade\/"]}]},{"@type":"BreadcrumbList","@id":"https:\/\/www.impulsoenergia.eu\/pt-pt\/politica-de-privacidade\/#breadcrumb","itemListElement":[{"@type":"ListItem","position":1,"name":"Portada","item":"https:\/\/www.impulsoenergia.eu\/pt-pt\/"},{"@type":"ListItem","position":2,"name":"Pol\u00edtica de Privacidade"}]},{"@type":"WebSite","@id":"https:\/\/www.impulsoenergia.eu\/#website","url":"https:\/\/www.impulsoenergia.eu\/","name":"Impulso Energ\u00eda","description":"Desarrollo e inversi\u00f3n en los sectores de la energ\u00eda y el agua","publisher":{"@id":"https:\/\/www.impulsoenergia.eu\/#organization"},"potentialAction":[{"@type":"SearchAction","target":{"@type":"EntryPoint","urlTemplate":"https:\/\/www.impulsoenergia.eu\/?s={search_term_string}"},"query-input":{"@type":"PropertyValueSpecification","valueRequired":true,"valueName":"search_term_string"}}],"inLanguage":"pt-PT"},{"@type":"Organization","@id":"https:\/\/www.impulsoenergia.eu\/#organization","name":"Impulso Energ\u00eda","url":"https:\/\/www.impulsoenergia.eu\/","logo":{"@type":"ImageObject","inLanguage":"pt-PT","@id":"https:\/\/www.impulsoenergia.eu\/#\/schema\/logo\/image\/","url":"https:\/\/www.impulsoenergia.eu\/custom\/uploads\/2022\/09\/logo-impulso.jpg","contentUrl":"https:\/\/www.impulsoenergia.eu\/custom\/uploads\/2022\/09\/logo-impulso.jpg","width":232,"height":75,"caption":"Impulso Energ\u00eda"},"image":{"@id":"https:\/\/www.impulsoenergia.eu\/#\/schema\/logo\/image\/"}}]}},"_links":{"self":[{"href":"https:\/\/www.impulsoenergia.eu\/pt-pt\/wp-json\/wp\/v2\/pages\/1459","targetHints":{"allow":["GET"]}}],"collection":[{"href":"https:\/\/www.impulsoenergia.eu\/pt-pt\/wp-json\/wp\/v2\/pages"}],"about":[{"href":"https:\/\/www.impulsoenergia.eu\/pt-pt\/wp-json\/wp\/v2\/types\/page"}],"author":[{"embeddable":true,"href":"https:\/\/www.impulsoenergia.eu\/pt-pt\/wp-json\/wp\/v2\/users\/1"}],"replies":[{"embeddable":true,"href":"https:\/\/www.impulsoenergia.eu\/pt-pt\/wp-json\/wp\/v2\/comments?post=1459"}],"version-history":[{"count":2,"href":"https:\/\/www.impulsoenergia.eu\/pt-pt\/wp-json\/wp\/v2\/pages\/1459\/revisions"}],"predecessor-version":[{"id":1461,"href":"https:\/\/www.impulsoenergia.eu\/pt-pt\/wp-json\/wp\/v2\/pages\/1459\/revisions\/1461"}],"wp:attachment":[{"href":"https:\/\/www.impulsoenergia.eu\/pt-pt\/wp-json\/wp\/v2\/media?parent=1459"}],"curies":[{"name":"wp","href":"https:\/\/api.w.org\/{rel}","templated":true}]}}