{"id":581,"date":"2021-02-04T15:41:21","date_gmt":"2021-02-04T15:41:21","guid":{"rendered":"https:\/\/www.impulsoenergia.eu\/what-we-do\/ciclo-integral-del-agua\/"},"modified":"2021-11-10T14:17:25","modified_gmt":"2021-11-10T14:17:25","slug":"full-water-cycle","status":"publish","type":"page","link":"https:\/\/www.impulsoenergia.eu\/en\/what-we-do\/full-water-cycle\/","title":{"rendered":"Full Water Cycle"},"content":{"rendered":"","protected":false},"excerpt":{"rendered":"","protected":false},"author":1,"featured_media":0,"parent":574,"menu_order":0,"comment_status":"closed","ping_status":"closed","template":"page-quehacemos.php","meta":{"_acf_changed":false,"footnotes":""},"class_list":["post-581","page","type-page","status-publish","hentry"],"acf":[],"yoast_head":"<!-- This site is optimized with the Yoast SEO plugin v25.6 - https:\/\/yoast.com\/wordpress\/plugins\/seo\/ -->\n<title>Full Water Cycle - Impulso Energ\u00eda<\/title>\n<meta name=\"description\" content=\"We perform the services of the integral water cycle from water production through desalination, distribution for both the local population and customers in the tourism sector, as well as sanitation, purification and water regeneration.\" \/>\n<meta name=\"robots\" content=\"index, follow, max-snippet:-1, max-image-preview:large, max-video-preview:-1\" \/>\n<link rel=\"canonical\" href=\"https:\/\/www.impulsoenergia.eu\/en\/what-we-do\/full-water-cycle\/\" \/>\n<meta property=\"og:locale\" content=\"en_US\" \/>\n<meta property=\"og:type\" content=\"article\" \/>\n<meta property=\"og:title\" content=\"Full Water Cycle - Impulso Energ\u00eda\" \/>\n<meta property=\"og:description\" content=\"We perform the services of the integral water cycle from water production through desalination, distribution for both the local population and customers in the tourism sector, as well as sanitation, purification and water regeneration.\" \/>\n<meta property=\"og:url\" content=\"https:\/\/www.impulsoenergia.eu\/en\/what-we-do\/full-water-cycle\/\" \/>\n<meta property=\"og:site_name\" content=\"Impulso Energ\u00eda\" \/>\n<meta property=\"article:modified_time\" content=\"2021-11-10T14:17:25+00:00\" \/>\n<meta name=\"twitter:card\" content=\"summary_large_image\" \/>\n<script type=\"application\/ld+json\" class=\"yoast-schema-graph\">{\"@context\":\"https:\/\/schema.org\",\"@graph\":[{\"@type\":\"WebPage\",\"@id\":\"https:\/\/www.impulsoenergia.eu\/en\/what-we-do\/full-water-cycle\/\",\"url\":\"https:\/\/www.impulsoenergia.eu\/en\/what-we-do\/full-water-cycle\/\",\"name\":\"Full Water Cycle - Impulso Energ\u00eda\",\"isPartOf\":{\"@id\":\"https:\/\/www.impulsoenergia.eu\/#website\"},\"datePublished\":\"2021-02-04T15:41:21+00:00\",\"dateModified\":\"2021-11-10T14:17:25+00:00\",\"description\":\"We perform the services of the integral water cycle from water production through desalination, distribution for both the local population and customers in the tourism sector, as well as sanitation, purification and water regeneration.\",\"breadcrumb\":{\"@id\":\"https:\/\/www.impulsoenergia.eu\/en\/what-we-do\/full-water-cycle\/#breadcrumb\"},\"inLanguage\":\"en-US\",\"potentialAction\":[{\"@type\":\"ReadAction\",\"target\":[\"https:\/\/www.impulsoenergia.eu\/en\/what-we-do\/full-water-cycle\/\"]}]},{\"@type\":\"BreadcrumbList\",\"@id\":\"https:\/\/www.impulsoenergia.eu\/en\/what-we-do\/full-water-cycle\/#breadcrumb\",\"itemListElement\":[{\"@type\":\"ListItem\",\"position\":1,\"name\":\"Portada\",\"item\":\"https:\/\/www.impulsoenergia.eu\/en\/\"},{\"@type\":\"ListItem\",\"position\":2,\"name\":\"What we do\",\"item\":\"https:\/\/www.impulsoenergia.eu\/en\/what-we-do\/\"},{\"@type\":\"ListItem\",\"position\":3,\"name\":\"Full Water Cycle\"}]},{\"@type\":\"WebSite\",\"@id\":\"https:\/\/www.impulsoenergia.eu\/#website\",\"url\":\"https:\/\/www.impulsoenergia.eu\/\",\"name\":\"Impulso Energ\u00eda\",\"description\":\"Desarrollo e inversi\u00f3n en los sectores de la energ\u00eda y el agua\",\"publisher\":{\"@id\":\"https:\/\/www.impulsoenergia.eu\/#organization\"},\"potentialAction\":[{\"@type\":\"SearchAction\",\"target\":{\"@type\":\"EntryPoint\",\"urlTemplate\":\"https:\/\/www.impulsoenergia.eu\/?s={search_term_string}\"},\"query-input\":{\"@type\":\"PropertyValueSpecification\",\"valueRequired\":true,\"valueName\":\"search_term_string\"}}],\"inLanguage\":\"en-US\"},{\"@type\":\"Organization\",\"@id\":\"https:\/\/www.impulsoenergia.eu\/#organization\",\"name\":\"Impulso Energ\u00eda\",\"url\":\"https:\/\/www.impulsoenergia.eu\/\",\"logo\":{\"@type\":\"ImageObject\",\"inLanguage\":\"en-US\",\"@id\":\"https:\/\/www.impulsoenergia.eu\/#\/schema\/logo\/image\/\",\"url\":\"https:\/\/www.impulsoenergia.eu\/custom\/uploads\/2022\/09\/logo-impulso.jpg\",\"contentUrl\":\"https:\/\/www.impulsoenergia.eu\/custom\/uploads\/2022\/09\/logo-impulso.jpg\",\"width\":232,\"height\":75,\"caption\":\"Impulso Energ\u00eda\"},\"image\":{\"@id\":\"https:\/\/www.impulsoenergia.eu\/#\/schema\/logo\/image\/\"}}]}<\/script>\n<!-- \/ Yoast SEO plugin. -->","yoast_head_json":{"title":"Full Water Cycle - Impulso Energ\u00eda","description":"We perform the services of the integral water cycle from water production through desalination, distribution for both the local population and customers in the tourism sector, as well as sanitation, purification and water regeneration.","robots":{"index":"index","follow":"follow","max-snippet":"max-snippet:-1","max-image-preview":"max-image-preview:large","max-video-preview":"max-video-preview:-1"},"canonical":"https:\/\/www.impulsoenergia.eu\/en\/what-we-do\/full-water-cycle\/","og_locale":"en_US","og_type":"article","og_title":"Full Water Cycle - Impulso Energ\u00eda","og_description":"We perform the services of the integral water cycle from water production through desalination, distribution for both the local population and customers in the tourism sector, as well as sanitation, purification and water regeneration.","og_url":"https:\/\/www.impulsoenergia.eu\/en\/what-we-do\/full-water-cycle\/","og_site_name":"Impulso Energ\u00eda","article_modified_time":"2021-11-10T14:17:25+00:00","twitter_card":"summary_large_image","schema":{"@context":"https:\/\/schema.org","@graph":[{"@type":"WebPage","@id":"https:\/\/www.impulsoenergia.eu\/en\/what-we-do\/full-water-cycle\/","url":"https:\/\/www.impulsoenergia.eu\/en\/what-we-do\/full-water-cycle\/","name":"Full Water Cycle - Impulso Energ\u00eda","isPartOf":{"@id":"https:\/\/www.impulsoenergia.eu\/#website"},"datePublished":"2021-02-04T15:41:21+00:00","dateModified":"2021-11-10T14:17:25+00:00","description":"We perform the services of the integral water cycle from water production through desalination, distribution for both the local population and customers in the tourism sector, as well as sanitation, purification and water regeneration.","breadcrumb":{"@id":"https:\/\/www.impulsoenergia.eu\/en\/what-we-do\/full-water-cycle\/#breadcrumb"},"inLanguage":"en-US","potentialAction":[{"@type":"ReadAction","target":["https:\/\/www.impulsoenergia.eu\/en\/what-we-do\/full-water-cycle\/"]}]},{"@type":"BreadcrumbList","@id":"https:\/\/www.impulsoenergia.eu\/en\/what-we-do\/full-water-cycle\/#breadcrumb","itemListElement":[{"@type":"ListItem","position":1,"name":"Portada","item":"https:\/\/www.impulsoenergia.eu\/en\/"},{"@type":"ListItem","position":2,"name":"What we do","item":"https:\/\/www.impulsoenergia.eu\/en\/what-we-do\/"},{"@type":"ListItem","position":3,"name":"Full Water Cycle"}]},{"@type":"WebSite","@id":"https:\/\/www.impulsoenergia.eu\/#website","url":"https:\/\/www.impulsoenergia.eu\/","name":"Impulso Energ\u00eda","description":"Desarrollo e inversi\u00f3n en los sectores de la energ\u00eda y el agua","publisher":{"@id":"https:\/\/www.impulsoenergia.eu\/#organization"},"potentialAction":[{"@type":"SearchAction","target":{"@type":"EntryPoint","urlTemplate":"https:\/\/www.impulsoenergia.eu\/?s={search_term_string}"},"query-input":{"@type":"PropertyValueSpecification","valueRequired":true,"valueName":"search_term_string"}}],"inLanguage":"en-US"},{"@type":"Organization","@id":"https:\/\/www.impulsoenergia.eu\/#organization","name":"Impulso Energ\u00eda","url":"https:\/\/www.impulsoenergia.eu\/","logo":{"@type":"ImageObject","inLanguage":"en-US","@id":"https:\/\/www.impulsoenergia.eu\/#\/schema\/logo\/image\/","url":"https:\/\/www.impulsoenergia.eu\/custom\/uploads\/2022\/09\/logo-impulso.jpg","contentUrl":"https:\/\/www.impulsoenergia.eu\/custom\/uploads\/2022\/09\/logo-impulso.jpg","width":232,"height":75,"caption":"Impulso Energ\u00eda"},"image":{"@id":"https:\/\/www.impulsoenergia.eu\/#\/schema\/logo\/image\/"}}]}},"_links":{"self":[{"href":"https:\/\/www.impulsoenergia.eu\/en\/wp-json\/wp\/v2\/pages\/581","targetHints":{"allow":["GET"]}}],"collection":[{"href":"https:\/\/www.impulsoenergia.eu\/en\/wp-json\/wp\/v2\/pages"}],"about":[{"href":"https:\/\/www.impulsoenergia.eu\/en\/wp-json\/wp\/v2\/types\/page"}],"author":[{"embeddable":true,"href":"https:\/\/www.impulsoenergia.eu\/en\/wp-json\/wp\/v2\/users\/1"}],"replies":[{"embeddable":true,"href":"https:\/\/www.impulsoenergia.eu\/en\/wp-json\/wp\/v2\/comments?post=581"}],"version-history":[{"count":1,"href":"https:\/\/www.impulsoenergia.eu\/en\/wp-json\/wp\/v2\/pages\/581\/revisions"}],"predecessor-version":[{"id":582,"href":"https:\/\/www.impulsoenergia.eu\/en\/wp-json\/wp\/v2\/pages\/581\/revisions\/582"}],"up":[{"embeddable":true,"href":"https:\/\/www.impulsoenergia.eu\/en\/wp-json\/wp\/v2\/pages\/574"}],"wp:attachment":[{"href":"https:\/\/www.impulsoenergia.eu\/en\/wp-json\/wp\/v2\/media?parent=581"}],"curies":[{"name":"wp","href":"https:\/\/api.w.org\/{rel}","templated":true}]}}