{"id":565,"date":"2021-05-17T09:15:47","date_gmt":"2021-05-17T09:15:47","guid":{"rendered":"https:\/\/www.impulsoenergia.eu\/politica-de-cookies\/"},"modified":"2021-10-25T09:45:19","modified_gmt":"2021-10-25T09:45:19","slug":"cookies-policy","status":"publish","type":"page","link":"https:\/\/www.impulsoenergia.eu\/en\/cookies-policy\/","title":{"rendered":"Cookies policy"},"content":{"rendered":"<div id=\"cookiefirst-policy-page\" data-language=\"en\"><\/div>\n<p><!--\n\n\n<h3>WHAT ARE COOKIES<\/h3>\n\n\nCookies and other similar technologies, such as local shared objects, flash cookies or pixel tags, are tools used by web servers to store and retrieve information about visitors, as to offer an optimal performance of the website.\n\nUsing these devices allows the web server to collect data about the users, such as their preferences for viewing the pages of that server, their name and password, products that interest them more, etc\n\n\n\n<h3>COOKIES AFFECTED BY THE REGULATION AND COOKIES EXCEPTED<\/h3>\n\n\nAccording to the EU directive, cookies requiring the user\u2019s informed consent are analytical, advertising and affiliation cookies, with the exception of the technical cookies, and cookies that are necessary for the correct performance of the website, or for the delivery of services expressly requested by the user.\n\n\n<h3>WHAT TYPE OF COOKIES EXISTS?<\/h3>\n\n\n<strong>ACCORDING TO THEIR PURPOSE <\/strong>\n\n<strong>Technical and functional cookies <\/strong>\u00a0- They allow the user to browse through a website, platform or app, and enable him to use the different options or services offered by them, such as the control of data traffic and communication, identifying the session, accessing restricted areas, storing the elements of an order, completing the purchasing process of an order, completing enrollment or participation in an activity, using the safety features during browsing, storing contents for the broadcasting of video or sound files, or sharing contents through social media. They include customization cookies, which allow the user to access the service with some general features that are predefined depending on a series of criteria on the user\u2019s device, such as language, type of browser, regional setting from which they access the service, etc.\n\n<strong>Analytical cookies<\/strong> \u2013 They allow to track and analyze the user\u2019s interaction with the website to which they are linked. The information provided by this kind of cookies is used to measure the activity of the website, app or platform, and to design user\u2019s browsing profiles, in order to make improvements based on the analysis of the use made by the service\u2019s users.\n\n<strong>Advertising cookies<\/strong> \u2013 They allow to optimize the advertising banners that editors include on a website, app or platform from which they deliver the services requested by the user, based on different criteria, such as edited content or how often the ads are displayed.\n\n<strong>Behavior advertising cookies<\/strong> \u2013 They gather information about the user\u2019s preferences and personal choices (retargeting) in order to allow an optimal management of the advertising banners that editors include on a website, app or platform from which they deliver the services requested by the user. More info at: http:\/\/www.lssi.gob.es\/Paginas\/politica-cookies.aspx and Gu\u00eda sobre el uso de las cookies de la AEPD.\n\n<strong>Social cookies<\/strong> \u2013 They are set by social media platforms on their services in order to allow their users to share content with their friends and networks. Social media platforms have the capacity of tracking their user\u2019s online activity aside from their services. This can affect the contents and messages that the users see on other services.\n\n<strong>Affiliate cookies<\/strong> \u2013 Make it possible to track the visits from other websites, with which the website establishes an affiliation contract (affiliated companies).\n\n<strong>Safety cookies<\/strong> \u2013 They store encoded info to avoid the vulnerability of stored data to the malicious attacks of third parties. They are only used in HTTPS connections.\n\n\n<strong>ACCORDING TO OWNER<\/strong>\n\n<strong>First-party cookies<\/strong> \u2013 Cookies sent to the user\u2019s terminal from a server or domain managed by the editor and from which the service requested by the user is delivered.\n\n<strong>Third-party cookies<\/strong> \u2013 Sent to the user\u2019s terminal from a website or domain which is not managed by the editor, but by another party that tracks the data obtained by the cookies.\n\n<strong>ACCORDING TO THE PERIOD OF RETENTION<\/strong>\n\n<strong>Session cookies<\/strong> \u2013 Cookies designed to gather and store data while the user is accessing a website.\n\n<strong>Persistent cookies<\/strong> \u2013 These cookies allow the data to remain stored on the terminal. They can be accessed and processed during a period specified by the cookie manager, which can range from some minutes to several years.\n\n\n\n<h3>USE OF PERSONAL DATA<\/h3>\n\n\nIMPULSO SAGE, S.L. is responsible for the treatment of personal data of the user, and informs that these data will be processed according to the in compliance of the Rules (UE) 2016\/679 from 27 of April, 2016 (GDPR), whereby the following information on the process is offered:\n\n<strong>Purposes of data processing<\/strong>: as specified on the section about the cookies used on this website.\n\n<strong>Legitimacy of the processing<\/strong>: on behalf of the legitimate interest of the manager: technical cookies and consent of the user: behavior analytic cookies and advertising cookies.\n\n<strong>Data conservation criteria<\/strong>: as specified on the section about the cookies used on this website.\nCommunication of data: data will not be shared with third parties, unless through third-party cookies or by legal requirement.\n\n\n<strong>Rights of the user<\/strong>:\n\u2013 Right to withdraw their consent at any moment.\n\u2013 Right to access, amend, transfer or delete your data, and to limit or oppose to their treatment.\n\u2013 Right to file a complaint before the Control Authority (www.aepd.es) if they consider that their data have not been processed according to current regulation.\n\n<strong>Contact email to exercise your rights<\/strong>: <a href=\"mailto:info@lenteimpulso.com\">info@lenteimpulso.com<\/a>\n--><\/p>\n","protected":false},"excerpt":{"rendered":"","protected":false},"author":1,"featured_media":0,"parent":0,"menu_order":0,"comment_status":"closed","ping_status":"closed","template":"","meta":{"_acf_changed":false,"footnotes":""},"class_list":["post-565","page","type-page","status-publish","hentry"],"acf":[],"yoast_head":"<!-- This site is optimized with the Yoast SEO plugin v25.6 - https:\/\/yoast.com\/wordpress\/plugins\/seo\/ -->\n<title>Cookies policy - Impulso Energ\u00eda<\/title>\n<meta name=\"robots\" content=\"noindex, nofollow\" \/>\n<meta property=\"og:locale\" content=\"en_US\" \/>\n<meta property=\"og:type\" content=\"article\" \/>\n<meta property=\"og:title\" content=\"Cookies policy - Impulso Energ\u00eda\" \/>\n<meta property=\"og:url\" content=\"https:\/\/www.impulsoenergia.eu\/en\/cookies-policy\/\" \/>\n<meta property=\"og:site_name\" content=\"Impulso Energ\u00eda\" \/>\n<meta property=\"article:modified_time\" content=\"2021-10-25T09:45:19+00:00\" \/>\n<meta name=\"twitter:card\" content=\"summary_large_image\" \/>\n<meta name=\"twitter:label1\" content=\"Est. reading time\" \/>\n\t<meta name=\"twitter:data1\" content=\"5 minutes\" \/>\n<script type=\"application\/ld+json\" class=\"yoast-schema-graph\">{\"@context\":\"https:\/\/schema.org\",\"@graph\":[{\"@type\":\"WebPage\",\"@id\":\"https:\/\/www.impulsoenergia.eu\/en\/cookies-policy\/\",\"url\":\"https:\/\/www.impulsoenergia.eu\/en\/cookies-policy\/\",\"name\":\"Cookies policy - Impulso Energ\u00eda\",\"isPartOf\":{\"@id\":\"https:\/\/www.impulsoenergia.eu\/#website\"},\"datePublished\":\"2021-05-17T09:15:47+00:00\",\"dateModified\":\"2021-10-25T09:45:19+00:00\",\"breadcrumb\":{\"@id\":\"https:\/\/www.impulsoenergia.eu\/en\/cookies-policy\/#breadcrumb\"},\"inLanguage\":\"en-US\",\"potentialAction\":[{\"@type\":\"ReadAction\",\"target\":[\"https:\/\/www.impulsoenergia.eu\/en\/cookies-policy\/\"]}]},{\"@type\":\"BreadcrumbList\",\"@id\":\"https:\/\/www.impulsoenergia.eu\/en\/cookies-policy\/#breadcrumb\",\"itemListElement\":[{\"@type\":\"ListItem\",\"position\":1,\"name\":\"Portada\",\"item\":\"https:\/\/www.impulsoenergia.eu\/en\/\"},{\"@type\":\"ListItem\",\"position\":2,\"name\":\"Cookies policy\"}]},{\"@type\":\"WebSite\",\"@id\":\"https:\/\/www.impulsoenergia.eu\/#website\",\"url\":\"https:\/\/www.impulsoenergia.eu\/\",\"name\":\"Impulso Energ\u00eda\",\"description\":\"Desarrollo e inversi\u00f3n en los sectores de la energ\u00eda y el agua\",\"publisher\":{\"@id\":\"https:\/\/www.impulsoenergia.eu\/#organization\"},\"potentialAction\":[{\"@type\":\"SearchAction\",\"target\":{\"@type\":\"EntryPoint\",\"urlTemplate\":\"https:\/\/www.impulsoenergia.eu\/?s={search_term_string}\"},\"query-input\":{\"@type\":\"PropertyValueSpecification\",\"valueRequired\":true,\"valueName\":\"search_term_string\"}}],\"inLanguage\":\"en-US\"},{\"@type\":\"Organization\",\"@id\":\"https:\/\/www.impulsoenergia.eu\/#organization\",\"name\":\"Impulso Energ\u00eda\",\"url\":\"https:\/\/www.impulsoenergia.eu\/\",\"logo\":{\"@type\":\"ImageObject\",\"inLanguage\":\"en-US\",\"@id\":\"https:\/\/www.impulsoenergia.eu\/#\/schema\/logo\/image\/\",\"url\":\"https:\/\/www.impulsoenergia.eu\/custom\/uploads\/2022\/09\/logo-impulso.jpg\",\"contentUrl\":\"https:\/\/www.impulsoenergia.eu\/custom\/uploads\/2022\/09\/logo-impulso.jpg\",\"width\":232,\"height\":75,\"caption\":\"Impulso Energ\u00eda\"},\"image\":{\"@id\":\"https:\/\/www.impulsoenergia.eu\/#\/schema\/logo\/image\/\"}}]}<\/script>\n<!-- \/ Yoast SEO plugin. -->","yoast_head_json":{"title":"Cookies policy - Impulso Energ\u00eda","robots":{"index":"noindex","follow":"nofollow"},"og_locale":"en_US","og_type":"article","og_title":"Cookies policy - Impulso Energ\u00eda","og_url":"https:\/\/www.impulsoenergia.eu\/en\/cookies-policy\/","og_site_name":"Impulso Energ\u00eda","article_modified_time":"2021-10-25T09:45:19+00:00","twitter_card":"summary_large_image","twitter_misc":{"Est. reading time":"5 minutes"},"schema":{"@context":"https:\/\/schema.org","@graph":[{"@type":"WebPage","@id":"https:\/\/www.impulsoenergia.eu\/en\/cookies-policy\/","url":"https:\/\/www.impulsoenergia.eu\/en\/cookies-policy\/","name":"Cookies policy - Impulso Energ\u00eda","isPartOf":{"@id":"https:\/\/www.impulsoenergia.eu\/#website"},"datePublished":"2021-05-17T09:15:47+00:00","dateModified":"2021-10-25T09:45:19+00:00","breadcrumb":{"@id":"https:\/\/www.impulsoenergia.eu\/en\/cookies-policy\/#breadcrumb"},"inLanguage":"en-US","potentialAction":[{"@type":"ReadAction","target":["https:\/\/www.impulsoenergia.eu\/en\/cookies-policy\/"]}]},{"@type":"BreadcrumbList","@id":"https:\/\/www.impulsoenergia.eu\/en\/cookies-policy\/#breadcrumb","itemListElement":[{"@type":"ListItem","position":1,"name":"Portada","item":"https:\/\/www.impulsoenergia.eu\/en\/"},{"@type":"ListItem","position":2,"name":"Cookies policy"}]},{"@type":"WebSite","@id":"https:\/\/www.impulsoenergia.eu\/#website","url":"https:\/\/www.impulsoenergia.eu\/","name":"Impulso Energ\u00eda","description":"Desarrollo e inversi\u00f3n en los sectores de la energ\u00eda y el agua","publisher":{"@id":"https:\/\/www.impulsoenergia.eu\/#organization"},"potentialAction":[{"@type":"SearchAction","target":{"@type":"EntryPoint","urlTemplate":"https:\/\/www.impulsoenergia.eu\/?s={search_term_string}"},"query-input":{"@type":"PropertyValueSpecification","valueRequired":true,"valueName":"search_term_string"}}],"inLanguage":"en-US"},{"@type":"Organization","@id":"https:\/\/www.impulsoenergia.eu\/#organization","name":"Impulso Energ\u00eda","url":"https:\/\/www.impulsoenergia.eu\/","logo":{"@type":"ImageObject","inLanguage":"en-US","@id":"https:\/\/www.impulsoenergia.eu\/#\/schema\/logo\/image\/","url":"https:\/\/www.impulsoenergia.eu\/custom\/uploads\/2022\/09\/logo-impulso.jpg","contentUrl":"https:\/\/www.impulsoenergia.eu\/custom\/uploads\/2022\/09\/logo-impulso.jpg","width":232,"height":75,"caption":"Impulso Energ\u00eda"},"image":{"@id":"https:\/\/www.impulsoenergia.eu\/#\/schema\/logo\/image\/"}}]}},"_links":{"self":[{"href":"https:\/\/www.impulsoenergia.eu\/en\/wp-json\/wp\/v2\/pages\/565","targetHints":{"allow":["GET"]}}],"collection":[{"href":"https:\/\/www.impulsoenergia.eu\/en\/wp-json\/wp\/v2\/pages"}],"about":[{"href":"https:\/\/www.impulsoenergia.eu\/en\/wp-json\/wp\/v2\/types\/page"}],"author":[{"embeddable":true,"href":"https:\/\/www.impulsoenergia.eu\/en\/wp-json\/wp\/v2\/users\/1"}],"replies":[{"embeddable":true,"href":"https:\/\/www.impulsoenergia.eu\/en\/wp-json\/wp\/v2\/comments?post=565"}],"version-history":[{"count":3,"href":"https:\/\/www.impulsoenergia.eu\/en\/wp-json\/wp\/v2\/pages\/565\/revisions"}],"predecessor-version":[{"id":627,"href":"https:\/\/www.impulsoenergia.eu\/en\/wp-json\/wp\/v2\/pages\/565\/revisions\/627"}],"wp:attachment":[{"href":"https:\/\/www.impulsoenergia.eu\/en\/wp-json\/wp\/v2\/media?parent=565"}],"curies":[{"name":"wp","href":"https:\/\/api.w.org\/{rel}","templated":true}]}}