{"id":850,"date":"2021-05-17T09:13:31","date_gmt":"2021-05-17T09:13:31","guid":{"rendered":"https:\/\/www.impulsoenergia.eu\/aviso-legal\/"},"modified":"2024-10-14T15:34:00","modified_gmt":"2024-10-14T15:34:00","slug":"avis-legal","status":"publish","type":"page","link":"https:\/\/www.impulsoenergia.eu\/ca\/avis-legal\/","title":{"rendered":"Av\u00eds legal"},"content":{"rendered":"<p>IMPULSO SAGE, S.L. compleix amb els requisits establerts a la normativa actual sobre Protecci\u00f3 de Dades de Car\u00e0cter Personal i Comer\u00e7 Electr\u00f2nic. Amb aquest objectiu, ha creat el seg\u00fcent Av\u00eds Legal:<\/p>\n<h3>Dades de contacte<\/h3>\n<p>Adre\u00e7a: Torre D&#8217;Ara, Passeig de Marina, 180,<br \/>\n08302 Matar\u00f3, Barcelona<br \/>\nTel.: +34 93 548 24 26<br \/>\nE-mail:\u00a0<a href=\"mailto:info@lenteimpulso.com\">info@lenteimpulso.com<\/a><\/p>\n<h3>Condicions generals d\u2019\u00fas<\/h3>\n<p>Qualsevol persona que accedeixi a aquest lloc web assumeix el paper d\u2019Usuari i es compromet a l\u2019observan\u00e7a i el compliment rigor\u00f3s de les disposicions aqu\u00ed disposades, aix\u00ed com a qualsevol altra disposici\u00f3 legal que fos d\u2019aplicaci\u00f3.<\/p>\n<p>IMPULSO SAGE, S.L. es reserva el dret de modificar qualsevol mena d\u2019informaci\u00f3 que pogu\u00e9s apar\u00e8ixer al lloc web, sense que hi hagi obligaci\u00f3 d\u2019avisar pr\u00e8viament o de posar en coneixement dels Usuaris les obligacions esmentades, amb el benent\u00e8s que en t\u00e9 prou amb la publicaci\u00f3 en el seu lloc web.<\/p>\n<p>L\u2019usuari accepta plenament i sense reserves les disposicions incloses en aquest Av\u00eds Legal, en la versi\u00f3 publicada per IMPULSO SAGE, S.L. en el moment mateix d\u2019acc\u00e9s al web per part de l\u2019usuari.<\/p>\n<p>El lloc web es pot visitar lliurement i l\u2019usuari es compromet a utilitzar els seus continguts i serveis d\u2019acord amb la llei, la moral, els bons costums i el present Av\u00eds Legal. A tal efecte, l\u2019usuari s\u2019abstindr\u00e0 d\u2019utilitzar el lloc web amb fins o efectes il\u00b7l\u00edcits, prohibits i\/o lesius dels drets i interessos de tercers.<\/p>\n<p>IMPULSO SAGE, S.L. no es responsabilitza dels errors o omissions dels continguts del lloc web ni d\u2019altres continguts als que es pugui accedir a trav\u00e9s del mateix, ni dels danys derivats de la utilitzaci\u00f3 del lloc web, ni per qualsevol actuaci\u00f3 realitzada sobre la base de la informaci\u00f3 que en ell es facilita.<\/p>\n<p>IMPULSO SAGE, S.L. no garanteix l\u2019abs\u00e8ncia de virus o altres elements que poguessin causar danys o alteracions en el sistema inform\u00e0tic, els documents electr\u00f2nics o els fitxers de l\u2019usuari del lloc Web. Tampoc respon dels danys i perjudicis que els esmentats elements poguessin provocar a l\u2019usuari o a tercers.<\/p>\n<p>El lloc web t\u00e9 car\u00e0cter informatiu, per la qual cosa, el seu contingut podr\u00e0 ser modificat, ampliat o suprimit en qualsevol moment i sense previ av\u00eds.<\/p>\n<p>IMPULSO SAGE, S.L. es reserva el dret d\u2019actualitzar els continguts del lloc web i\/o d\u2019eliminar-los, aix\u00ed com de limitar i impedir-ne l\u2019acc\u00e9s, ja sigui de manera temporal o definitiva, sense notificaci\u00f3 pr\u00e8via.<\/p>\n<h3>Drets de propietat intel\u00b7lectual i industrial<\/h3>\n<p>Tots els drets de propietat intel\u00b7lectual i\/o industrial del lloc web i de tots els seus continguts (textos, imatges, dissenys, creativitats, software, codis font, fragments d\u2019\u00e0udio, programes inform\u00e0tics, desc\u00e0rregues digitals, bases de dades, noms comercials, marques, logotips, i\/o qualsevol altre signe distintiu, etc.) que en formen o n\u2019hagin format part en algun moment, estan protegits per llei i pertanyen a IMPULSO SAGE, S.L.<br \/>\nEn cap cas s\u2019entendr\u00e0 que l\u2019acc\u00e9s i \u00fas del lloc web implica la ren\u00fancia, transmissi\u00f3, llic\u00e8ncia, cessi\u00f3, total ni parcial, ni l\u2019autoritzaci\u00f3 de cap mena, per a l\u2019explotaci\u00f3, reproducci\u00f3, comunicaci\u00f3 p\u00fablica, difusi\u00f3, divulgaci\u00f3 i\/o transformaci\u00f3 ni del lloc web, ni dels seus continguts, entesos amb l\u2019amplitud assenyalada en el punt anterior, ni tampoc dels drets de propietat intel\u00b7lectual i\/o industrial inherents als mateixos.<\/p>\n<h3>Enlla\u00e7os<\/h3>\n<p>L\u2019empresa no assumeix cap responsabilitat sobre el contingut, la informaci\u00f3 o els serveis que puguin oferir els enlla\u00e7os que es presenten al lloc web, i que tenen car\u00e0cter merament informatiu.<\/p>\n<h3>Legislaci\u00f3 aplicable<\/h3>\n<p>La present web es regeix per la legislaci\u00f3 espanyola.<\/p>\n","protected":false},"excerpt":{"rendered":"<p>IMPULSO SAGE, S.L. compleix amb els requisits establerts a la normativa actual sobre Protecci\u00f3 de Dades de Car\u00e0cter Personal i [&hellip;]<\/p>\n","protected":false},"author":1,"featured_media":0,"parent":0,"menu_order":0,"comment_status":"closed","ping_status":"closed","template":"","meta":{"_acf_changed":false,"footnotes":""},"class_list":["post-850","page","type-page","status-publish","hentry"],"acf":[],"yoast_head":"<!-- This site is optimized with the Yoast SEO plugin v25.6 - https:\/\/yoast.com\/wordpress\/plugins\/seo\/ -->\n<title>Av\u00eds legal - Impulso Energ\u00eda<\/title>\n<meta name=\"robots\" content=\"noindex, nofollow\" \/>\n<meta property=\"og:locale\" content=\"ca_ES\" \/>\n<meta property=\"og:type\" content=\"article\" \/>\n<meta property=\"og:title\" content=\"Av\u00eds legal - Impulso Energ\u00eda\" \/>\n<meta property=\"og:description\" content=\"IMPULSO SAGE, S.L. compleix amb els requisits establerts a la normativa actual sobre Protecci\u00f3 de Dades de Car\u00e0cter Personal i [&hellip;]\" \/>\n<meta property=\"og:url\" content=\"https:\/\/www.impulsoenergia.eu\/ca\/avis-legal\/\" \/>\n<meta property=\"og:site_name\" content=\"Impulso Energ\u00eda\" \/>\n<meta property=\"article:modified_time\" content=\"2024-10-14T15:34:00+00:00\" \/>\n<meta name=\"twitter:card\" content=\"summary_large_image\" \/>\n<meta name=\"twitter:label1\" content=\"Est. reading time\" \/>\n\t<meta name=\"twitter:data1\" content=\"3 minutes\" \/>\n<script type=\"application\/ld+json\" class=\"yoast-schema-graph\">{\"@context\":\"https:\/\/schema.org\",\"@graph\":[{\"@type\":\"WebPage\",\"@id\":\"https:\/\/www.impulsoenergia.eu\/ca\/avis-legal\/\",\"url\":\"https:\/\/www.impulsoenergia.eu\/ca\/avis-legal\/\",\"name\":\"Av\u00eds legal - Impulso Energ\u00eda\",\"isPartOf\":{\"@id\":\"https:\/\/www.impulsoenergia.eu\/#website\"},\"datePublished\":\"2021-05-17T09:13:31+00:00\",\"dateModified\":\"2024-10-14T15:34:00+00:00\",\"breadcrumb\":{\"@id\":\"https:\/\/www.impulsoenergia.eu\/ca\/avis-legal\/#breadcrumb\"},\"inLanguage\":\"ca\",\"potentialAction\":[{\"@type\":\"ReadAction\",\"target\":[\"https:\/\/www.impulsoenergia.eu\/ca\/avis-legal\/\"]}]},{\"@type\":\"BreadcrumbList\",\"@id\":\"https:\/\/www.impulsoenergia.eu\/ca\/avis-legal\/#breadcrumb\",\"itemListElement\":[{\"@type\":\"ListItem\",\"position\":1,\"name\":\"Portada\",\"item\":\"https:\/\/www.impulsoenergia.eu\/ca\/\"},{\"@type\":\"ListItem\",\"position\":2,\"name\":\"Av\u00eds legal\"}]},{\"@type\":\"WebSite\",\"@id\":\"https:\/\/www.impulsoenergia.eu\/#website\",\"url\":\"https:\/\/www.impulsoenergia.eu\/\",\"name\":\"Impulso Energ\u00eda\",\"description\":\"Desarrollo e inversi\u00f3n en los sectores de la energ\u00eda y el agua\",\"publisher\":{\"@id\":\"https:\/\/www.impulsoenergia.eu\/#organization\"},\"potentialAction\":[{\"@type\":\"SearchAction\",\"target\":{\"@type\":\"EntryPoint\",\"urlTemplate\":\"https:\/\/www.impulsoenergia.eu\/?s={search_term_string}\"},\"query-input\":{\"@type\":\"PropertyValueSpecification\",\"valueRequired\":true,\"valueName\":\"search_term_string\"}}],\"inLanguage\":\"ca\"},{\"@type\":\"Organization\",\"@id\":\"https:\/\/www.impulsoenergia.eu\/#organization\",\"name\":\"Impulso Energ\u00eda\",\"url\":\"https:\/\/www.impulsoenergia.eu\/\",\"logo\":{\"@type\":\"ImageObject\",\"inLanguage\":\"ca\",\"@id\":\"https:\/\/www.impulsoenergia.eu\/#\/schema\/logo\/image\/\",\"url\":\"https:\/\/www.impulsoenergia.eu\/custom\/uploads\/2022\/09\/logo-impulso.jpg\",\"contentUrl\":\"https:\/\/www.impulsoenergia.eu\/custom\/uploads\/2022\/09\/logo-impulso.jpg\",\"width\":232,\"height\":75,\"caption\":\"Impulso Energ\u00eda\"},\"image\":{\"@id\":\"https:\/\/www.impulsoenergia.eu\/#\/schema\/logo\/image\/\"}}]}<\/script>\n<!-- \/ Yoast SEO plugin. -->","yoast_head_json":{"title":"Av\u00eds legal - Impulso Energ\u00eda","robots":{"index":"noindex","follow":"nofollow"},"og_locale":"ca_ES","og_type":"article","og_title":"Av\u00eds legal - Impulso Energ\u00eda","og_description":"IMPULSO SAGE, S.L. compleix amb els requisits establerts a la normativa actual sobre Protecci\u00f3 de Dades de Car\u00e0cter Personal i [&hellip;]","og_url":"https:\/\/www.impulsoenergia.eu\/ca\/avis-legal\/","og_site_name":"Impulso Energ\u00eda","article_modified_time":"2024-10-14T15:34:00+00:00","twitter_card":"summary_large_image","twitter_misc":{"Est. reading time":"3 minutes"},"schema":{"@context":"https:\/\/schema.org","@graph":[{"@type":"WebPage","@id":"https:\/\/www.impulsoenergia.eu\/ca\/avis-legal\/","url":"https:\/\/www.impulsoenergia.eu\/ca\/avis-legal\/","name":"Av\u00eds legal - Impulso Energ\u00eda","isPartOf":{"@id":"https:\/\/www.impulsoenergia.eu\/#website"},"datePublished":"2021-05-17T09:13:31+00:00","dateModified":"2024-10-14T15:34:00+00:00","breadcrumb":{"@id":"https:\/\/www.impulsoenergia.eu\/ca\/avis-legal\/#breadcrumb"},"inLanguage":"ca","potentialAction":[{"@type":"ReadAction","target":["https:\/\/www.impulsoenergia.eu\/ca\/avis-legal\/"]}]},{"@type":"BreadcrumbList","@id":"https:\/\/www.impulsoenergia.eu\/ca\/avis-legal\/#breadcrumb","itemListElement":[{"@type":"ListItem","position":1,"name":"Portada","item":"https:\/\/www.impulsoenergia.eu\/ca\/"},{"@type":"ListItem","position":2,"name":"Av\u00eds legal"}]},{"@type":"WebSite","@id":"https:\/\/www.impulsoenergia.eu\/#website","url":"https:\/\/www.impulsoenergia.eu\/","name":"Impulso Energ\u00eda","description":"Desarrollo e inversi\u00f3n en los sectores de la energ\u00eda y el agua","publisher":{"@id":"https:\/\/www.impulsoenergia.eu\/#organization"},"potentialAction":[{"@type":"SearchAction","target":{"@type":"EntryPoint","urlTemplate":"https:\/\/www.impulsoenergia.eu\/?s={search_term_string}"},"query-input":{"@type":"PropertyValueSpecification","valueRequired":true,"valueName":"search_term_string"}}],"inLanguage":"ca"},{"@type":"Organization","@id":"https:\/\/www.impulsoenergia.eu\/#organization","name":"Impulso Energ\u00eda","url":"https:\/\/www.impulsoenergia.eu\/","logo":{"@type":"ImageObject","inLanguage":"ca","@id":"https:\/\/www.impulsoenergia.eu\/#\/schema\/logo\/image\/","url":"https:\/\/www.impulsoenergia.eu\/custom\/uploads\/2022\/09\/logo-impulso.jpg","contentUrl":"https:\/\/www.impulsoenergia.eu\/custom\/uploads\/2022\/09\/logo-impulso.jpg","width":232,"height":75,"caption":"Impulso Energ\u00eda"},"image":{"@id":"https:\/\/www.impulsoenergia.eu\/#\/schema\/logo\/image\/"}}]}},"_links":{"self":[{"href":"https:\/\/www.impulsoenergia.eu\/ca\/wp-json\/wp\/v2\/pages\/850","targetHints":{"allow":["GET"]}}],"collection":[{"href":"https:\/\/www.impulsoenergia.eu\/ca\/wp-json\/wp\/v2\/pages"}],"about":[{"href":"https:\/\/www.impulsoenergia.eu\/ca\/wp-json\/wp\/v2\/types\/page"}],"author":[{"embeddable":true,"href":"https:\/\/www.impulsoenergia.eu\/ca\/wp-json\/wp\/v2\/users\/1"}],"replies":[{"embeddable":true,"href":"https:\/\/www.impulsoenergia.eu\/ca\/wp-json\/wp\/v2\/comments?post=850"}],"version-history":[{"count":3,"href":"https:\/\/www.impulsoenergia.eu\/ca\/wp-json\/wp\/v2\/pages\/850\/revisions"}],"predecessor-version":[{"id":1538,"href":"https:\/\/www.impulsoenergia.eu\/ca\/wp-json\/wp\/v2\/pages\/850\/revisions\/1538"}],"wp:attachment":[{"href":"https:\/\/www.impulsoenergia.eu\/ca\/wp-json\/wp\/v2\/media?parent=850"}],"curies":[{"name":"wp","href":"https:\/\/api.w.org\/{rel}","templated":true}]}}